{"id":3,"date":"2022-03-16T16:57:16","date_gmt":"2022-03-16T15:57:16","guid":{"rendered":"https:\/\/debebe.vamtam.com\/?page_id=3"},"modified":"2023-06-21T08:52:58","modified_gmt":"2023-06-21T08:52:58","slug":"confidentialites","status":"publish","type":"page","link":"https:\/\/babiesboss.com\/fr\/confidentialites\/","title":{"rendered":"Politiques de confidentialit\u00e9"},"content":{"rendered":"\t\t<div data-elementor-type=\"wp-page\" data-elementor-id=\"3\" class=\"elementor elementor-3\">\n\t\t\t\t\t\t<section class=\"elementor-section elementor-top-section elementor-element elementor-element-a11b58a elementor-section-boxed elementor-section-height-default elementor-section-height-default\" data-id=\"a11b58a\" data-element_type=\"section\" data-e-type=\"section\">\n\t\t\t\t\t\t<div class=\"elementor-container elementor-column-gap-no\">\n\t\t\t\t\t<div class=\"elementor-column elementor-col-100 elementor-top-column elementor-element elementor-element-cee101d\" data-id=\"cee101d\" data-element_type=\"column\" data-e-type=\"column\">\n\t\t\t<div class=\"elementor-widget-wrap elementor-element-populated\">\n\t\t\t\t\t\t\t<\/div>\n\t\t<\/div>\n\t\t\t\t\t<\/div>\n\t\t<\/section>\n\t\t\t\t<section class=\"elementor-section elementor-top-section elementor-element elementor-element-d3f2856 elementor-section-boxed elementor-section-height-default elementor-section-height-default\" data-id=\"d3f2856\" data-element_type=\"section\" data-e-type=\"section\">\n\t\t\t\t\t\t<div class=\"elementor-container elementor-column-gap-no\">\n\t\t\t\t\t<div class=\"elementor-column elementor-col-100 elementor-top-column elementor-element elementor-element-96cf12d\" data-id=\"96cf12d\" data-element_type=\"column\" data-e-type=\"column\">\n\t\t\t<div class=\"elementor-widget-wrap elementor-element-populated\">\n\t\t\t\t\t\t<div class=\"elementor-element elementor-element-eb3ec4b elementor-widget elementor-widget-heading\" data-id=\"eb3ec4b\" data-element_type=\"widget\" data-e-type=\"widget\" data-widget_type=\"heading.default\">\n\t\t\t\t<div class=\"elementor-widget-container\">\n\t\t\t\t\t<h3 class=\"elementor-heading-title elementor-size-default\">BabiesBoss Le Concours<\/h3>\t\t\t\t<\/div>\n\t\t\t\t<\/div>\n\t\t\t\t<div class=\"elementor-element elementor-element-5894aa0 elementor-widget elementor-widget-text-editor\" data-id=\"5894aa0\" data-element_type=\"widget\" data-e-type=\"widget\" data-widget_type=\"text-editor.default\">\n\t\t\t\t<div class=\"elementor-widget-container\">\n\t\t\t\t\t\t\t\t\t<p>Chez BabiesBoss, nous accordons une grande importance \u00e0 la confidentialit\u00e9 de nos utilisateurs. Cette politique explique comment nous recueillons, utilisons, divulguons et prot\u00e9geons les informations personnelles que vous nous fournissez lorsque vous visitez notre site Web.<\/p>\t\t\t\t\t\t\t\t<\/div>\n\t\t\t\t<\/div>\n\t\t\t\t<div class=\"elementor-element elementor-element-c3aadb6 elementor-widget elementor-widget-heading\" data-id=\"c3aadb6\" data-element_type=\"widget\" data-e-type=\"widget\" data-widget_type=\"heading.default\">\n\t\t\t\t<div class=\"elementor-widget-container\">\n\t\t\t\t\t<h3 class=\"elementor-heading-title elementor-size-default\">Collecte d'informations<\/h3>\t\t\t\t<\/div>\n\t\t\t\t<\/div>\n\t\t\t\t<div class=\"elementor-element elementor-element-cc36a54 elementor-widget elementor-widget-text-editor\" data-id=\"cc36a54\" data-element_type=\"widget\" data-e-type=\"widget\" data-widget_type=\"text-editor.default\">\n\t\t\t\t<div class=\"elementor-widget-container\">\n\t\t\t\t\t\t\t\t\t<p>Lorsque vous visitez notre site Web, nous pouvons collecter certaines informations personnelles telles que votre nom, votre adresse e-mail et votre num\u00e9ro de t\u00e9l\u00e9phone. Ces informations sont collect\u00e9es de mani\u00e8re volontaire lorsque vous vous inscrivez pour recevoir des mises \u00e0 jour, participer \u00e0 des concours ou des offres sp\u00e9ciales.<\/p>\t\t\t\t\t\t\t\t<\/div>\n\t\t\t\t<\/div>\n\t\t\t\t<div class=\"elementor-element elementor-element-f3e2c6e elementor-widget elementor-widget-heading\" data-id=\"f3e2c6e\" data-element_type=\"widget\" data-e-type=\"widget\" data-widget_type=\"heading.default\">\n\t\t\t\t<div class=\"elementor-widget-container\">\n\t\t\t\t\t<h3 class=\"elementor-heading-title elementor-size-default\">Utilisation des informations\n<\/h3>\t\t\t\t<\/div>\n\t\t\t\t<\/div>\n\t\t\t\t<div class=\"elementor-element elementor-element-458dd35 elementor-widget elementor-widget-text-editor\" data-id=\"458dd35\" data-element_type=\"widget\" data-e-type=\"widget\" data-widget_type=\"text-editor.default\">\n\t\t\t\t<div class=\"elementor-widget-container\">\n\t\t\t\t\t\t\t\t\t<p>Les informations que nous recueillons peuvent \u00eatre utilis\u00e9es pour personnaliser votre exp\u00e9rience sur notre site Web, vous fournir des informations cibl\u00e9es sur nos produits et services, am\u00e9liorer notre contenu et r\u00e9pondre \u00e0 vos demandes et pr\u00e9occupations.<\/p>\t\t\t\t\t\t\t\t<\/div>\n\t\t\t\t<\/div>\n\t\t\t\t<div class=\"elementor-element elementor-element-1f6642f elementor-widget elementor-widget-heading\" data-id=\"1f6642f\" data-element_type=\"widget\" data-e-type=\"widget\" data-widget_type=\"heading.default\">\n\t\t\t\t<div class=\"elementor-widget-container\">\n\t\t\t\t\t<h3 class=\"elementor-heading-title elementor-size-default\">Divulgation des informations<\/h3>\t\t\t\t<\/div>\n\t\t\t\t<\/div>\n\t\t\t\t<div class=\"elementor-element elementor-element-8e34c01 elementor-widget elementor-widget-text-editor\" data-id=\"8e34c01\" data-element_type=\"widget\" data-e-type=\"widget\" data-widget_type=\"text-editor.default\">\n\t\t\t\t<div class=\"elementor-widget-container\">\n\t\t\t\t\t\t\t\t\t<p>Nous ne vendrons, ne louerons ni ne partagerons vos informations personnelles avec des tiers sans votre consentement, sauf dans les cas pr\u00e9vus par la loi. Cependant, nous pouvons partager vos informations avec des partenaires commerciaux de confiance pour vous offrir des produits et services pertinents.<\/p>\t\t\t\t\t\t\t\t<\/div>\n\t\t\t\t<\/div>\n\t\t\t\t<div class=\"elementor-element elementor-element-8dd5888 elementor-widget elementor-widget-heading\" data-id=\"8dd5888\" data-element_type=\"widget\" data-e-type=\"widget\" data-widget_type=\"heading.default\">\n\t\t\t\t<div class=\"elementor-widget-container\">\n\t\t\t\t\t<h3 class=\"elementor-heading-title elementor-size-default\">S\u00e9curit\u00e9 des informations<\/h3>\t\t\t\t<\/div>\n\t\t\t\t<\/div>\n\t\t\t\t<div class=\"elementor-element elementor-element-66fe7d1 elementor-widget elementor-widget-text-editor\" data-id=\"66fe7d1\" data-element_type=\"widget\" data-e-type=\"widget\" data-widget_type=\"text-editor.default\">\n\t\t\t\t<div class=\"elementor-widget-container\">\n\t\t\t\t\t\t\t\t\t<p>Nous mettons en place des mesures de s\u00e9curit\u00e9 appropri\u00e9es pour prot\u00e9ger vos informations personnelles contre toute perte, utilisation abusive, acc\u00e8s non autoris\u00e9 ou divulgation. Cependant, veuillez noter qu&#8217;aucune m\u00e9thode de transmission sur Internet n&#8217;est totalement s\u00fbre.<\/p>\t\t\t\t\t\t\t\t<\/div>\n\t\t\t\t<\/div>\n\t\t\t\t<div class=\"elementor-element elementor-element-f19473d elementor-widget elementor-widget-heading\" data-id=\"f19473d\" data-element_type=\"widget\" data-e-type=\"widget\" data-widget_type=\"heading.default\">\n\t\t\t\t<div class=\"elementor-widget-container\">\n\t\t\t\t\t<h3 class=\"elementor-heading-title elementor-size-default\">Modifications de la politique de confidentialit\u00e9\n<\/h3>\t\t\t\t<\/div>\n\t\t\t\t<\/div>\n\t\t\t\t<div class=\"elementor-element elementor-element-cee9fce elementor-widget elementor-widget-text-editor\" data-id=\"cee9fce\" data-element_type=\"widget\" data-e-type=\"widget\" data-widget_type=\"text-editor.default\">\n\t\t\t\t<div class=\"elementor-widget-container\">\n\t\t\t\t\t\t\t\t\t<p>Nous nous r\u00e9servons le droit de modifier cette politique de confidentialit\u00e9 \u00e0 tout moment. Toute modification sera publi\u00e9e sur notre site Web, et votre utilisation continue de notre site apr\u00e8s de telles modifications constitue votre acceptation de la politique r\u00e9vis\u00e9e.<\/p>\t\t\t\t\t\t\t\t<\/div>\n\t\t\t\t<\/div>\n\t\t\t\t<div class=\"elementor-element elementor-element-e13fb44 elementor-widget elementor-widget-heading\" data-id=\"e13fb44\" data-element_type=\"widget\" data-e-type=\"widget\" data-widget_type=\"heading.default\">\n\t\t\t\t<div class=\"elementor-widget-container\">\n\t\t\t\t\t<h3 class=\"elementor-heading-title elementor-size-default\">Contactez-nous\n<\/h3>\t\t\t\t<\/div>\n\t\t\t\t<\/div>\n\t\t\t\t<div class=\"elementor-element elementor-element-ca9b9e0 elementor-widget elementor-widget-text-editor\" data-id=\"ca9b9e0\" data-element_type=\"widget\" data-e-type=\"widget\" data-widget_type=\"text-editor.default\">\n\t\t\t\t<div class=\"elementor-widget-container\">\n\t\t\t\t\t\t\t\t\t<p>Si vous avez des questions ou des pr\u00e9occupations concernant notre politique de confidentialit\u00e9, veuillez nous contacter en suivant le lien ci-dessous:<br \/><span style=\"text-decoration: underline;\"><span style=\"color: #0000ff;\"><a style=\"color: #0000ff;\" href=\"https:\/\/babiesboss.com\/nous-contacter\/\"><strong>Lien Contact<\/strong><\/a><\/span><\/span><\/p>\t\t\t\t\t\t\t\t<\/div>\n\t\t\t\t<\/div>\n\t\t\t\t<div class=\"vamtam-has-theme-widget-styles elementor-element elementor-element-fa6854f elementor-widget elementor-widget-image\" data-id=\"fa6854f\" data-element_type=\"widget\" data-e-type=\"widget\" data-widget_type=\"image.default\">\n\t\t\t\t<div class=\"elementor-widget-container\">\n\t\t\t\t\t\t\t\t\t<div class=\"elementor-image\">\n\t\t\t\t\t\t\t\t\t\t\t\t\t\t\t\t\t\t\t\t\t<img decoding=\"async\" data-src=\"https:\/\/debebe.vamtam.com\/wp-content\/uploads\/2022\/03\/bear.svg\" title=\"\" alt=\"\" src=\"data:image\/svg+xml;base64,PHN2ZyB3aWR0aD0iMSIgaGVpZ2h0PSIxIiB4bWxucz0iaHR0cDovL3d3dy53My5vcmcvMjAwMC9zdmciPjwvc3ZnPg==\" class=\"lazyload\" \/>\t\t\t\t\t\t\t\t\t\t\t\t\t\t\t\t\t\t\t\t\t\t\t\t<\/div>\n\t\t\t\t\t\t\t\t<\/div>\n\t\t\t\t<\/div>\n\t\t\t\t<div class=\"vamtam-has-theme-widget-styles elementor-element elementor-element-713a131 elementor-widget elementor-widget-image\" data-id=\"713a131\" data-element_type=\"widget\" data-e-type=\"widget\" data-widget_type=\"image.default\">\n\t\t\t\t<div class=\"elementor-widget-container\">\n\t\t\t\t\t\t\t\t\t<div class=\"elementor-image\">\n\t\t\t\t\t\t\t\t\t\t\t\t\t\t\t\t\t\t\t\t\t<img decoding=\"async\" data-src=\"https:\/\/debebe.vamtam.com\/wp-content\/uploads\/2022\/06\/animal-underline.svg\" title=\"\" alt=\"\" src=\"data:image\/svg+xml;base64,PHN2ZyB3aWR0aD0iMSIgaGVpZ2h0PSIxIiB4bWxucz0iaHR0cDovL3d3dy53My5vcmcvMjAwMC9zdmciPjwvc3ZnPg==\" class=\"lazyload\" \/>\t\t\t\t\t\t\t\t\t\t\t\t\t\t\t\t\t\t\t\t\t\t\t\t<\/div>\n\t\t\t\t\t\t\t\t<\/div>\n\t\t\t\t<\/div>\n\t\t\t\t\t<\/div>\n\t\t<\/div>\n\t\t\t\t\t<\/div>\n\t\t<\/section>\n\t\t\t\t<\/div>\n\t\t","protected":false},"excerpt":{"rendered":"<p>BabiesBoss Le Concours Chez BabiesBoss, nous accordons une grande importance \u00e0 la confidentialit\u00e9 de nos utilisateurs. Cette politique explique comment nous recueillons, utilisons, divulguons et prot\u00e9geons les informations personnelles que vous nous fournissez lorsque vous visitez notre site Web. Collecte d&#8217;informations Lorsque vous visitez notre site Web, nous pouvons collecter certaines informations personnelles telles que&#8230;<\/p>\n","protected":false},"author":2,"featured_media":0,"parent":0,"menu_order":0,"comment_status":"closed","ping_status":"closed","template":"","meta":{"nf_dc_page":"","footnotes":""},"class_list":["post-3","page","type-page","status-publish","hentry"],"yoast_head":"<!-- This site is optimized with the Yoast SEO plugin v27.4 - https:\/\/yoast.com\/product\/yoast-seo-wordpress\/ -->\n<title>Politiques de confidentialit\u00e9 - Babies Boss<\/title>\n<meta name=\"robots\" content=\"index, follow, max-snippet:-1, max-image-preview:large, max-video-preview:-1\" \/>\n<link rel=\"canonical\" href=\"https:\/\/babiesboss.com\/fr\/confidentialites\/\" \/>\n<meta property=\"og:locale\" content=\"fr_CA\" \/>\n<meta property=\"og:type\" content=\"article\" \/>\n<meta property=\"og:title\" content=\"Politiques de confidentialit\u00e9 - Babies Boss\" \/>\n<meta property=\"og:description\" content=\"BabiesBoss Le Concours Chez BabiesBoss, nous accordons une grande importance \u00e0 la confidentialit\u00e9 de nos utilisateurs. Cette politique explique comment nous recueillons, utilisons, divulguons et prot\u00e9geons les informations personnelles que vous nous fournissez lorsque vous visitez notre site Web. Collecte d&#8217;informations Lorsque vous visitez notre site Web, nous pouvons collecter certaines informations personnelles telles que...\" \/>\n<meta property=\"og:url\" content=\"https:\/\/babiesboss.com\/fr\/confidentialites\/\" \/>\n<meta property=\"og:site_name\" content=\"Babies Boss\" \/>\n<meta property=\"article:modified_time\" content=\"2023-06-21T08:52:58+00:00\" \/>\n<meta property=\"og:image\" content=\"https:\/\/babiesboss.com\/wp-content\/uploads\/2022\/03\/bear.svg\" \/>\n<meta name=\"twitter:card\" content=\"summary_large_image\" \/>\n<meta name=\"twitter:label1\" content=\"Estimation du temps de lecture\" \/>\n\t<meta name=\"twitter:data1\" content=\"2 minutes\" \/>\n<script type=\"application\/ld+json\" class=\"yoast-schema-graph\">{\"@context\":\"https:\\\/\\\/schema.org\",\"@graph\":[{\"@type\":\"WebPage\",\"@id\":\"https:\\\/\\\/babiesboss.com\\\/confidentialites\\\/\",\"url\":\"https:\\\/\\\/babiesboss.com\\\/confidentialites\\\/\",\"name\":\"Politiques de confidentialit\u00e9 - Babies Boss\",\"isPartOf\":{\"@id\":\"https:\\\/\\\/babiesboss.com\\\/#website\"},\"primaryImageOfPage\":{\"@id\":\"https:\\\/\\\/babiesboss.com\\\/confidentialites\\\/#primaryimage\"},\"image\":{\"@id\":\"https:\\\/\\\/babiesboss.com\\\/confidentialites\\\/#primaryimage\"},\"thumbnailUrl\":\"https:\\\/\\\/babiesboss.com\\\/wp-content\\\/uploads\\\/2022\\\/03\\\/bear.svg\",\"datePublished\":\"2022-03-16T15:57:16+00:00\",\"dateModified\":\"2023-06-21T08:52:58+00:00\",\"breadcrumb\":{\"@id\":\"https:\\\/\\\/babiesboss.com\\\/confidentialites\\\/#breadcrumb\"},\"inLanguage\":\"fr-CA\",\"potentialAction\":[{\"@type\":\"ReadAction\",\"target\":[\"https:\\\/\\\/babiesboss.com\\\/confidentialites\\\/\"]}]},{\"@type\":\"ImageObject\",\"inLanguage\":\"fr-CA\",\"@id\":\"https:\\\/\\\/babiesboss.com\\\/confidentialites\\\/#primaryimage\",\"url\":\"https:\\\/\\\/babiesboss.com\\\/wp-content\\\/uploads\\\/2022\\\/03\\\/bear.svg\",\"contentUrl\":\"https:\\\/\\\/babiesboss.com\\\/wp-content\\\/uploads\\\/2022\\\/03\\\/bear.svg\"},{\"@type\":\"BreadcrumbList\",\"@id\":\"https:\\\/\\\/babiesboss.com\\\/confidentialites\\\/#breadcrumb\",\"itemListElement\":[{\"@type\":\"ListItem\",\"position\":1,\"name\":\"Home\",\"item\":\"https:\\\/\\\/babiesboss.com\\\/\"},{\"@type\":\"ListItem\",\"position\":2,\"name\":\"Politiques de confidentialit\u00e9\"}]},{\"@type\":\"WebSite\",\"@id\":\"https:\\\/\\\/babiesboss.com\\\/#website\",\"url\":\"https:\\\/\\\/babiesboss.com\\\/\",\"name\":\"Babies Boss\",\"description\":\"Le concours\",\"publisher\":{\"@id\":\"https:\\\/\\\/babiesboss.com\\\/#organization\"},\"potentialAction\":[{\"@type\":\"SearchAction\",\"target\":{\"@type\":\"EntryPoint\",\"urlTemplate\":\"https:\\\/\\\/babiesboss.com\\\/?s={search_term_string}\"},\"query-input\":{\"@type\":\"PropertyValueSpecification\",\"valueRequired\":true,\"valueName\":\"search_term_string\"}}],\"inLanguage\":\"fr-CA\"},{\"@type\":\"Organization\",\"@id\":\"https:\\\/\\\/babiesboss.com\\\/#organization\",\"name\":\"Babies Boss\",\"url\":\"https:\\\/\\\/babiesboss.com\\\/\",\"logo\":{\"@type\":\"ImageObject\",\"inLanguage\":\"fr-CA\",\"@id\":\"https:\\\/\\\/babiesboss.com\\\/#\\\/schema\\\/logo\\\/image\\\/\",\"url\":\"https:\\\/\\\/babiesboss.com\\\/wp-content\\\/uploads\\\/2022\\\/03\\\/Design-sans-titre-2.png\",\"contentUrl\":\"https:\\\/\\\/babiesboss.com\\\/wp-content\\\/uploads\\\/2022\\\/03\\\/Design-sans-titre-2.png\",\"width\":1094,\"height\":312,\"caption\":\"Babies Boss\"},\"image\":{\"@id\":\"https:\\\/\\\/babiesboss.com\\\/#\\\/schema\\\/logo\\\/image\\\/\"}}]}<\/script>\n<!-- \/ Yoast SEO plugin. -->","yoast_head_json":{"title":"Politiques de confidentialit\u00e9 - Babies Boss","robots":{"index":"index","follow":"follow","max-snippet":"max-snippet:-1","max-image-preview":"max-image-preview:large","max-video-preview":"max-video-preview:-1"},"canonical":"https:\/\/babiesboss.com\/fr\/confidentialites\/","og_locale":"fr_CA","og_type":"article","og_title":"Politiques de confidentialit\u00e9 - Babies Boss","og_description":"BabiesBoss Le Concours Chez BabiesBoss, nous accordons une grande importance \u00e0 la confidentialit\u00e9 de nos utilisateurs. Cette politique explique comment nous recueillons, utilisons, divulguons et prot\u00e9geons les informations personnelles que vous nous fournissez lorsque vous visitez notre site Web. Collecte d&#8217;informations Lorsque vous visitez notre site Web, nous pouvons collecter certaines informations personnelles telles que...","og_url":"https:\/\/babiesboss.com\/fr\/confidentialites\/","og_site_name":"Babies Boss","article_modified_time":"2023-06-21T08:52:58+00:00","og_image":[{"url":"https:\/\/babiesboss.com\/wp-content\/uploads\/2022\/03\/bear.svg","type":"","width":"","height":""}],"twitter_card":"summary_large_image","twitter_misc":{"Estimation du temps de lecture":"2 minutes"},"schema":{"@context":"https:\/\/schema.org","@graph":[{"@type":"WebPage","@id":"https:\/\/babiesboss.com\/confidentialites\/","url":"https:\/\/babiesboss.com\/confidentialites\/","name":"Politiques de confidentialit\u00e9 - Babies Boss","isPartOf":{"@id":"https:\/\/babiesboss.com\/#website"},"primaryImageOfPage":{"@id":"https:\/\/babiesboss.com\/confidentialites\/#primaryimage"},"image":{"@id":"https:\/\/babiesboss.com\/confidentialites\/#primaryimage"},"thumbnailUrl":"https:\/\/babiesboss.com\/wp-content\/uploads\/2022\/03\/bear.svg","datePublished":"2022-03-16T15:57:16+00:00","dateModified":"2023-06-21T08:52:58+00:00","breadcrumb":{"@id":"https:\/\/babiesboss.com\/confidentialites\/#breadcrumb"},"inLanguage":"fr-CA","potentialAction":[{"@type":"ReadAction","target":["https:\/\/babiesboss.com\/confidentialites\/"]}]},{"@type":"ImageObject","inLanguage":"fr-CA","@id":"https:\/\/babiesboss.com\/confidentialites\/#primaryimage","url":"https:\/\/babiesboss.com\/wp-content\/uploads\/2022\/03\/bear.svg","contentUrl":"https:\/\/babiesboss.com\/wp-content\/uploads\/2022\/03\/bear.svg"},{"@type":"BreadcrumbList","@id":"https:\/\/babiesboss.com\/confidentialites\/#breadcrumb","itemListElement":[{"@type":"ListItem","position":1,"name":"Home","item":"https:\/\/babiesboss.com\/"},{"@type":"ListItem","position":2,"name":"Politiques de confidentialit\u00e9"}]},{"@type":"WebSite","@id":"https:\/\/babiesboss.com\/#website","url":"https:\/\/babiesboss.com\/","name":"Babies Boss","description":"Le concours","publisher":{"@id":"https:\/\/babiesboss.com\/#organization"},"potentialAction":[{"@type":"SearchAction","target":{"@type":"EntryPoint","urlTemplate":"https:\/\/babiesboss.com\/?s={search_term_string}"},"query-input":{"@type":"PropertyValueSpecification","valueRequired":true,"valueName":"search_term_string"}}],"inLanguage":"fr-CA"},{"@type":"Organization","@id":"https:\/\/babiesboss.com\/#organization","name":"Babies Boss","url":"https:\/\/babiesboss.com\/","logo":{"@type":"ImageObject","inLanguage":"fr-CA","@id":"https:\/\/babiesboss.com\/#\/schema\/logo\/image\/","url":"https:\/\/babiesboss.com\/wp-content\/uploads\/2022\/03\/Design-sans-titre-2.png","contentUrl":"https:\/\/babiesboss.com\/wp-content\/uploads\/2022\/03\/Design-sans-titre-2.png","width":1094,"height":312,"caption":"Babies Boss"},"image":{"@id":"https:\/\/babiesboss.com\/#\/schema\/logo\/image\/"}}]}},"_links":{"self":[{"href":"https:\/\/babiesboss.com\/fr\/wp-json\/wp\/v2\/pages\/3","targetHints":{"allow":["GET"]}}],"collection":[{"href":"https:\/\/babiesboss.com\/fr\/wp-json\/wp\/v2\/pages"}],"about":[{"href":"https:\/\/babiesboss.com\/fr\/wp-json\/wp\/v2\/types\/page"}],"author":[{"embeddable":true,"href":"https:\/\/babiesboss.com\/fr\/wp-json\/wp\/v2\/users\/2"}],"replies":[{"embeddable":true,"href":"https:\/\/babiesboss.com\/fr\/wp-json\/wp\/v2\/comments?post=3"}],"version-history":[{"count":6,"href":"https:\/\/babiesboss.com\/fr\/wp-json\/wp\/v2\/pages\/3\/revisions"}],"predecessor-version":[{"id":989141,"href":"https:\/\/babiesboss.com\/fr\/wp-json\/wp\/v2\/pages\/3\/revisions\/989141"}],"wp:attachment":[{"href":"https:\/\/babiesboss.com\/fr\/wp-json\/wp\/v2\/media?parent=3"}],"curies":[{"name":"wp","href":"https:\/\/api.w.org\/{rel}","templated":true}]}}