{"id":1672,"date":"2022-04-04T07:34:21","date_gmt":"2022-04-04T05:34:21","guid":{"rendered":"https:\/\/debebe.vamtam.com\/?page_id=1672"},"modified":"2023-06-28T21:51:33","modified_gmt":"2023-06-28T21:51:33","slug":"reglements","status":"publish","type":"page","link":"https:\/\/babiesboss.com\/fr\/reglements\/","title":{"rendered":"R\u00e8glement du concours"},"content":{"rendered":"\t\t<div data-elementor-type=\"wp-page\" data-elementor-id=\"1672\" class=\"elementor elementor-1672\">\n\t\t\t\t\t\t<section class=\"elementor-section elementor-top-section elementor-element elementor-element-d77299b elementor-section-boxed elementor-section-height-default elementor-section-height-default\" data-id=\"d77299b\" data-element_type=\"section\" data-e-type=\"section\">\n\t\t\t\t\t\t<div class=\"elementor-container elementor-column-gap-no\">\n\t\t\t\t\t<div class=\"elementor-column elementor-col-100 elementor-top-column elementor-element elementor-element-bfd0880\" data-id=\"bfd0880\" data-element_type=\"column\" data-e-type=\"column\">\n\t\t\t<div class=\"elementor-widget-wrap elementor-element-populated\">\n\t\t\t\t\t\t\t<\/div>\n\t\t<\/div>\n\t\t\t\t\t<\/div>\n\t\t<\/section>\n\t\t\t\t<section class=\"elementor-section elementor-top-section elementor-element elementor-element-45f0895 elementor-section-boxed elementor-section-height-default elementor-section-height-default\" data-id=\"45f0895\" data-element_type=\"section\" data-e-type=\"section\">\n\t\t\t\t\t\t<div class=\"elementor-container elementor-column-gap-no\">\n\t\t\t\t\t<div class=\"elementor-column elementor-col-100 elementor-top-column elementor-element elementor-element-f874ba0\" data-id=\"f874ba0\" data-element_type=\"column\" data-e-type=\"column\">\n\t\t\t<div class=\"elementor-widget-wrap elementor-element-populated\">\n\t\t\t\t\t\t<div class=\"elementor-element elementor-element-6a3dea7 elementor-widget elementor-widget-heading\" data-id=\"6a3dea7\" data-element_type=\"widget\" data-e-type=\"widget\" data-widget_type=\"heading.default\">\n\t\t\t\t<div class=\"elementor-widget-container\">\n\t\t\t\t\t<h3 class=\"elementor-heading-title elementor-size-default\">Organisateur du concours<\/h3>\t\t\t\t<\/div>\n\t\t\t\t<\/div>\n\t\t\t\t<div class=\"elementor-element elementor-element-ab3328b elementor-widget elementor-widget-text-editor\" data-id=\"ab3328b\" data-element_type=\"widget\" data-e-type=\"widget\" data-widget_type=\"text-editor.default\">\n\t\t\t\t<div class=\"elementor-widget-container\">\n\t\t\t\t\t\t\t\t\t<p>Le concours &#8220;Babies Boss&#8221; (ci-apr\u00e8s d\u00e9nomm\u00e9 le &#8220;concours&#8221;) est organis\u00e9 par Babies Boss (ci-apr\u00e8s d\u00e9nomm\u00e9 l'&#8221;organisateur du concours&#8221;).<\/p>\t\t\t\t\t\t\t\t<\/div>\n\t\t\t\t<\/div>\n\t\t\t\t<div class=\"elementor-element elementor-element-4c4637d elementor-widget elementor-widget-heading\" data-id=\"4c4637d\" data-element_type=\"widget\" data-e-type=\"widget\" data-widget_type=\"heading.default\">\n\t\t\t\t<div class=\"elementor-widget-container\">\n\t\t\t\t\t<h3 class=\"elementor-heading-title elementor-size-default\">\u00c9ligibilit\u00e9<\/h3>\t\t\t\t<\/div>\n\t\t\t\t<\/div>\n\t\t\t\t<div class=\"elementor-element elementor-element-e8e97e1 elementor-widget elementor-widget-text-editor\" data-id=\"e8e97e1\" data-element_type=\"widget\" data-e-type=\"widget\" data-widget_type=\"text-editor.default\">\n\t\t\t\t<div class=\"elementor-widget-container\">\n\t\t\t\t\t\t\t\t\t<p>Le concours est ouvert \u00e0 tout parent ou futur parent (toute personne qui attend un enfant) au Canada et ayant atteint l&#8217;\u00e2ge de la majorit\u00e9 dans leur province de r\u00e9sidence au moment de leur participation. Les employ\u00e9s de Babies Boss et leurs membres de famille imm\u00e9diate ne sont pas \u00e9ligibles \u00e0 participer.<\/p>\t\t\t\t\t\t\t\t<\/div>\n\t\t\t\t<\/div>\n\t\t\t\t<div class=\"elementor-element elementor-element-a8bbd21 elementor-widget elementor-widget-heading\" data-id=\"a8bbd21\" data-element_type=\"widget\" data-e-type=\"widget\" data-widget_type=\"heading.default\">\n\t\t\t\t<div class=\"elementor-widget-container\">\n\t\t\t\t\t<h3 class=\"elementor-heading-title elementor-size-default\">Dur\u00e9e<\/h3>\t\t\t\t<\/div>\n\t\t\t\t<\/div>\n\t\t\t\t<div class=\"elementor-element elementor-element-5aae2c3 elementor-widget elementor-widget-text-editor\" data-id=\"5aae2c3\" data-element_type=\"widget\" data-e-type=\"widget\" data-widget_type=\"text-editor.default\">\n\t\t\t\t<div class=\"elementor-widget-container\">\n\t\t\t\t\t\t\t\t\t<p>Le concours commence chaque premier du mois \u00e0 00:01 (heure Montreal) et se termine le dernier jour du mois \u00e0 23:59 (heure Montreal). Toute participation re\u00e7ue en dehors de cette p\u00e9riode sera consid\u00e9r\u00e9e comme nulle ou sera\u00a0<span style=\"font-family: Catamaran, sans-serif; font-size: 14px; font-style: normal; font-variant-ligatures: normal; font-variant-caps: normal; font-weight: 400;\">consid\u00e9r\u00e9e\u00a0<\/span>pour dans le concours suivant.<\/p><p>Le GRAND concours et son tirage au sort seront annonc\u00e9 sur notre site ainsi que nos r\u00e9seaux sociaux chaque 6 mois.<\/p>\t\t\t\t\t\t\t\t<\/div>\n\t\t\t\t<\/div>\n\t\t\t\t<div class=\"elementor-element elementor-element-5f59a75 elementor-widget elementor-widget-heading\" data-id=\"5f59a75\" data-element_type=\"widget\" data-e-type=\"widget\" data-widget_type=\"heading.default\">\n\t\t\t\t<div class=\"elementor-widget-container\">\n\t\t\t\t\t<h3 class=\"elementor-heading-title elementor-size-default\">Comment participer<\/h3>\t\t\t\t<\/div>\n\t\t\t\t<\/div>\n\t\t\t\t<div class=\"elementor-element elementor-element-f2c29de elementor-widget elementor-widget-text-editor\" data-id=\"f2c29de\" data-element_type=\"widget\" data-e-type=\"widget\" data-widget_type=\"text-editor.default\">\n\t\t\t\t<div class=\"elementor-widget-container\">\n\t\t\t\t\t\t\t\t\t<p>Pour participer au concours, les participants doivent se rendre sur le site web du concours \u00e0 l&#8217;adresse www.babiesboss.com (ci-apr\u00e8s d\u00e9nomm\u00e9 le &#8220;site web&#8221;) et suivre les instructions pour soumettre leur participation. Les participants doivent remplir le formulaire de participation en fournissant toutes les informations requises, y compris leur nom, leur adresse e-mail et toute autre information demand\u00e9e.<\/p>\t\t\t\t\t\t\t\t<\/div>\n\t\t\t\t<\/div>\n\t\t\t\t<div class=\"elementor-element elementor-element-ec069a8 elementor-widget elementor-widget-heading\" data-id=\"ec069a8\" data-element_type=\"widget\" data-e-type=\"widget\" data-widget_type=\"heading.default\">\n\t\t\t\t<div class=\"elementor-widget-container\">\n\t\t\t\t\t<h3 class=\"elementor-heading-title elementor-size-default\">Prix<\/h3>\t\t\t\t<\/div>\n\t\t\t\t<\/div>\n\t\t\t\t<div class=\"elementor-element elementor-element-73b9f4d elementor-widget elementor-widget-text-editor\" data-id=\"73b9f4d\" data-element_type=\"widget\" data-e-type=\"widget\" data-widget_type=\"text-editor.default\">\n\t\t\t\t<div class=\"elementor-widget-container\">\n\t\t\t\t\t\t\t\t\t<p>Les prix du concours seront annonc\u00e9s sur le site web du concours. Les gagnants seront s\u00e9lectionn\u00e9s de mani\u00e8re al\u00e9atoire parmi toutes les participations admissibles re\u00e7ues pendant la dur\u00e9e du concours. Les prix ne sont pas transf\u00e9rables et ne peuvent \u00eatre \u00e9chang\u00e9s contre de l&#8217;argent ou tout autre prix.<\/p>\t\t\t\t\t\t\t\t<\/div>\n\t\t\t\t<\/div>\n\t\t\t\t<div class=\"elementor-element elementor-element-e148758 elementor-widget elementor-widget-heading\" data-id=\"e148758\" data-element_type=\"widget\" data-e-type=\"widget\" data-widget_type=\"heading.default\">\n\t\t\t\t<div class=\"elementor-widget-container\">\n\t\t\t\t\t<h3 class=\"elementor-heading-title elementor-size-default\">S\u00e9lection des gagnants<\/h3>\t\t\t\t<\/div>\n\t\t\t\t<\/div>\n\t\t\t\t<div class=\"elementor-element elementor-element-928a2f2 elementor-widget elementor-widget-text-editor\" data-id=\"928a2f2\" data-element_type=\"widget\" data-e-type=\"widget\" data-widget_type=\"text-editor.default\">\n\t\t\t\t<div class=\"elementor-widget-container\">\n\t\t\t\t\t\t\t\t\t<p>Les gagnants seront s\u00e9lectionn\u00e9s de mani\u00e8re al\u00e9atoire parmi toutes les participations admissibles re\u00e7ues pendant la dur\u00e9e du concours. Les chances de gagner d\u00e9pendent du nombre total de participations admissibles re\u00e7ues.<\/p>\t\t\t\t\t\t\t\t<\/div>\n\t\t\t\t<\/div>\n\t\t\t\t<div class=\"elementor-element elementor-element-d5faa83 elementor-widget elementor-widget-heading\" data-id=\"d5faa83\" data-element_type=\"widget\" data-e-type=\"widget\" data-widget_type=\"heading.default\">\n\t\t\t\t<div class=\"elementor-widget-container\">\n\t\t\t\t\t<h3 class=\"elementor-heading-title elementor-size-default\">Notification des gagnants<\/h3>\t\t\t\t<\/div>\n\t\t\t\t<\/div>\n\t\t\t\t<div class=\"elementor-element elementor-element-ad2388d elementor-widget elementor-widget-text-editor\" data-id=\"ad2388d\" data-element_type=\"widget\" data-e-type=\"widget\" data-widget_type=\"text-editor.default\">\n\t\t\t\t<div class=\"elementor-widget-container\">\n\t\t\t\t\t\t\t\t\t<p>Les gagnants potentiels seront contact\u00e9s par courrier \u00e9lectronique dans les 5 jours suivant la fin du concours. Les gagnants potentiels devront r\u00e9pondre dans les 5 jours suivant la r\u00e9ception de la notification pour r\u00e9clamer leur prix. Si un gagnant potentiel ne r\u00e9clame pas son prix dans les d\u00e9lais sp\u00e9cifi\u00e9s, un autre gagnant sera s\u00e9lectionn\u00e9.<\/p>\t\t\t\t\t\t\t\t<\/div>\n\t\t\t\t<\/div>\n\t\t\t\t<div class=\"elementor-element elementor-element-e55b39c elementor-widget elementor-widget-heading\" data-id=\"e55b39c\" data-element_type=\"widget\" data-e-type=\"widget\" data-widget_type=\"heading.default\">\n\t\t\t\t<div class=\"elementor-widget-container\">\n\t\t\t\t\t<h3 class=\"elementor-heading-title elementor-size-default\">G\u00e9n\u00e9ralit\u00e9s<\/h3>\t\t\t\t<\/div>\n\t\t\t\t<\/div>\n\t\t\t\t<div class=\"elementor-element elementor-element-506e01b elementor-widget elementor-widget-text-editor\" data-id=\"506e01b\" data-element_type=\"widget\" data-e-type=\"widget\" data-widget_type=\"text-editor.default\">\n\t\t\t\t<div class=\"elementor-widget-container\">\n\t\t\t\t\t\t\t\t\t<p>En participant \u00e0 ce concours, les participants acceptent de se conformer \u00e0 l&#8217;ensemble des r\u00e8gles \u00e9nonc\u00e9es ci-dessus. L&#8217;organisateur du concours se r\u00e9serve le droit de disqualifier toute participation qui enfreint ces r\u00e8gles ou qui est consid\u00e9r\u00e9e comme frauduleuse ou abusive. L&#8217;organisateur du concours se r\u00e9serve \u00e9galement le droit de modifier ou d&#8217;annuler le concours en cas de circonstances impr\u00e9vues.<\/p>\t\t\t\t\t\t\t\t<\/div>\n\t\t\t\t<\/div>\n\t\t\t\t<div class=\"elementor-element elementor-element-0c0e501 elementor-widget elementor-widget-heading\" data-id=\"0c0e501\" data-element_type=\"widget\" data-e-type=\"widget\" data-widget_type=\"heading.default\">\n\t\t\t\t<div class=\"elementor-widget-container\">\n\t\t\t\t\t<h3 class=\"elementor-heading-title elementor-size-default\">Confidentialit\u00e9 des donn\u00e9es<\/h3>\t\t\t\t<\/div>\n\t\t\t\t<\/div>\n\t\t\t\t<div class=\"elementor-element elementor-element-62b0985 elementor-widget elementor-widget-text-editor\" data-id=\"62b0985\" data-element_type=\"widget\" data-e-type=\"widget\" data-widget_type=\"text-editor.default\">\n\t\t\t\t<div class=\"elementor-widget-container\">\n\t\t\t\t\t\t\t\t\t<p>Les informations personnelles fournies par les participants dans le cadre de ce concours seront utilis\u00e9es uniquement aux fins de l&#8217;administration du concours, sauf si le participant a donn\u00e9 son consentement pour recevoir des communications promotionnelles de la part de BabiesBoss ou de ses partenaires.<\/p>\t\t\t\t\t\t\t\t<\/div>\n\t\t\t\t<\/div>\n\t\t\t\t<div class=\"elementor-element elementor-element-6ab549b elementor-widget elementor-widget-heading\" data-id=\"6ab549b\" data-element_type=\"widget\" data-e-type=\"widget\" data-widget_type=\"heading.default\">\n\t\t\t\t<div class=\"elementor-widget-container\">\n\t\t\t\t\t<h3 class=\"elementor-heading-title elementor-size-default\">Loi applicable<\/h3>\t\t\t\t<\/div>\n\t\t\t\t<\/div>\n\t\t\t\t<div class=\"elementor-element elementor-element-0471342 elementor-widget elementor-widget-text-editor\" data-id=\"0471342\" data-element_type=\"widget\" data-e-type=\"widget\" data-widget_type=\"text-editor.default\">\n\t\t\t\t<div class=\"elementor-widget-container\">\n\t\t\t\t\t\t\t\t\t<p>Ce concours est r\u00e9gi par les lois de la province de\u00a0<span style=\"font-style: normal; color: #4d5156; font-family: arial, sans-serif; font-size: 14px; font-variant-ligatures: normal; font-variant-caps: normal; background-color: #ffffff;\">Qu\u00e9bec<\/span>, au Canada. Tout litige d\u00e9coulant de ce concours sera soumis \u00e0 la comp\u00e9tence exclusive des tribunaux<\/p>\t\t\t\t\t\t\t\t<\/div>\n\t\t\t\t<\/div>\n\t\t\t\t<div class=\"vamtam-has-theme-widget-styles elementor-element elementor-element-bf9d6b1 elementor-widget elementor-widget-image\" data-id=\"bf9d6b1\" data-element_type=\"widget\" data-e-type=\"widget\" data-widget_type=\"image.default\">\n\t\t\t\t<div class=\"elementor-widget-container\">\n\t\t\t\t\t\t\t\t\t<div class=\"elementor-image\">\n\t\t\t\t\t\t\t\t\t\t\t\t\t\t\t\t\t\t\t\t\t<img decoding=\"async\" data-src=\"https:\/\/debebe.vamtam.com\/wp-content\/uploads\/2022\/06\/animal-underline.svg\" title=\"\" alt=\"\" src=\"data:image\/svg+xml;base64,PHN2ZyB3aWR0aD0iMSIgaGVpZ2h0PSIxIiB4bWxucz0iaHR0cDovL3d3dy53My5vcmcvMjAwMC9zdmciPjwvc3ZnPg==\" class=\"lazyload\" \/>\t\t\t\t\t\t\t\t\t\t\t\t\t\t\t\t\t\t\t\t\t\t\t\t<\/div>\n\t\t\t\t\t\t\t\t<\/div>\n\t\t\t\t<\/div>\n\t\t\t\t\t<\/div>\n\t\t<\/div>\n\t\t\t\t\t<\/div>\n\t\t<\/section>\n\t\t\t\t<\/div>\n\t\t","protected":false},"excerpt":{"rendered":"<p>Organisateur du concours Le concours &#8220;Babies Boss&#8221; (ci-apr\u00e8s d\u00e9nomm\u00e9 le &#8220;concours&#8221;) est organis\u00e9 par Babies Boss (ci-apr\u00e8s d\u00e9nomm\u00e9 l&#8217;&#8221;organisateur du concours&#8221;). \u00c9ligibilit\u00e9 Le concours est ouvert \u00e0 tout parent ou futur parent (toute personne qui attend un enfant) au Canada et ayant atteint l&#8217;\u00e2ge de la majorit\u00e9 dans leur province de r\u00e9sidence au moment de&#8230;<\/p>\n","protected":false},"author":2,"featured_media":0,"parent":0,"menu_order":0,"comment_status":"closed","ping_status":"closed","template":"","meta":{"nf_dc_page":"","footnotes":""},"class_list":["post-1672","page","type-page","status-publish","hentry"],"yoast_head":"<!-- This site is optimized with the Yoast SEO plugin v27.4 - https:\/\/yoast.com\/product\/yoast-seo-wordpress\/ -->\n<title>R\u00e8glement du concours - Babies Boss<\/title>\n<meta name=\"robots\" content=\"index, follow, max-snippet:-1, max-image-preview:large, max-video-preview:-1\" \/>\n<link rel=\"canonical\" href=\"https:\/\/babiesboss.com\/fr\/reglements\/\" \/>\n<meta property=\"og:locale\" content=\"fr_CA\" \/>\n<meta property=\"og:type\" content=\"article\" \/>\n<meta property=\"og:title\" content=\"R\u00e8glement du concours - Babies Boss\" \/>\n<meta property=\"og:description\" content=\"Organisateur du concours Le concours &#8220;Babies Boss&#8221; (ci-apr\u00e8s d\u00e9nomm\u00e9 le &#8220;concours&#8221;) est organis\u00e9 par Babies Boss (ci-apr\u00e8s d\u00e9nomm\u00e9 l&#039;&#8221;organisateur du concours&#8221;). \u00c9ligibilit\u00e9 Le concours est ouvert \u00e0 tout parent ou futur parent (toute personne qui attend un enfant) au Canada et ayant atteint l&#8217;\u00e2ge de la majorit\u00e9 dans leur province de r\u00e9sidence au moment de...\" \/>\n<meta property=\"og:url\" content=\"https:\/\/babiesboss.com\/fr\/reglements\/\" \/>\n<meta property=\"og:site_name\" content=\"Babies Boss\" \/>\n<meta property=\"article:modified_time\" content=\"2023-06-28T21:51:33+00:00\" \/>\n<meta property=\"og:image\" content=\"https:\/\/babiesboss.com\/wp-content\/uploads\/2022\/06\/animal-underline.svg\" \/>\n<meta name=\"twitter:card\" content=\"summary_large_image\" \/>\n<meta name=\"twitter:label1\" content=\"Estimation du temps de lecture\" \/>\n\t<meta name=\"twitter:data1\" content=\"3 minutes\" \/>\n<script type=\"application\/ld+json\" class=\"yoast-schema-graph\">{\"@context\":\"https:\\\/\\\/schema.org\",\"@graph\":[{\"@type\":\"WebPage\",\"@id\":\"https:\\\/\\\/babiesboss.com\\\/reglements\\\/\",\"url\":\"https:\\\/\\\/babiesboss.com\\\/reglements\\\/\",\"name\":\"R\u00e8glement du concours - Babies Boss\",\"isPartOf\":{\"@id\":\"https:\\\/\\\/babiesboss.com\\\/#website\"},\"primaryImageOfPage\":{\"@id\":\"https:\\\/\\\/babiesboss.com\\\/reglements\\\/#primaryimage\"},\"image\":{\"@id\":\"https:\\\/\\\/babiesboss.com\\\/reglements\\\/#primaryimage\"},\"thumbnailUrl\":\"https:\\\/\\\/babiesboss.com\\\/wp-content\\\/uploads\\\/2022\\\/06\\\/animal-underline.svg\",\"datePublished\":\"2022-04-04T05:34:21+00:00\",\"dateModified\":\"2023-06-28T21:51:33+00:00\",\"breadcrumb\":{\"@id\":\"https:\\\/\\\/babiesboss.com\\\/reglements\\\/#breadcrumb\"},\"inLanguage\":\"fr-CA\",\"potentialAction\":[{\"@type\":\"ReadAction\",\"target\":[\"https:\\\/\\\/babiesboss.com\\\/reglements\\\/\"]}]},{\"@type\":\"ImageObject\",\"inLanguage\":\"fr-CA\",\"@id\":\"https:\\\/\\\/babiesboss.com\\\/reglements\\\/#primaryimage\",\"url\":\"https:\\\/\\\/babiesboss.com\\\/wp-content\\\/uploads\\\/2022\\\/06\\\/animal-underline.svg\",\"contentUrl\":\"https:\\\/\\\/babiesboss.com\\\/wp-content\\\/uploads\\\/2022\\\/06\\\/animal-underline.svg\"},{\"@type\":\"BreadcrumbList\",\"@id\":\"https:\\\/\\\/babiesboss.com\\\/reglements\\\/#breadcrumb\",\"itemListElement\":[{\"@type\":\"ListItem\",\"position\":1,\"name\":\"Home\",\"item\":\"https:\\\/\\\/babiesboss.com\\\/\"},{\"@type\":\"ListItem\",\"position\":2,\"name\":\"R\u00e8glement du concours\"}]},{\"@type\":\"WebSite\",\"@id\":\"https:\\\/\\\/babiesboss.com\\\/#website\",\"url\":\"https:\\\/\\\/babiesboss.com\\\/\",\"name\":\"Babies Boss\",\"description\":\"Le concours\",\"publisher\":{\"@id\":\"https:\\\/\\\/babiesboss.com\\\/#organization\"},\"potentialAction\":[{\"@type\":\"SearchAction\",\"target\":{\"@type\":\"EntryPoint\",\"urlTemplate\":\"https:\\\/\\\/babiesboss.com\\\/?s={search_term_string}\"},\"query-input\":{\"@type\":\"PropertyValueSpecification\",\"valueRequired\":true,\"valueName\":\"search_term_string\"}}],\"inLanguage\":\"fr-CA\"},{\"@type\":\"Organization\",\"@id\":\"https:\\\/\\\/babiesboss.com\\\/#organization\",\"name\":\"Babies Boss\",\"url\":\"https:\\\/\\\/babiesboss.com\\\/\",\"logo\":{\"@type\":\"ImageObject\",\"inLanguage\":\"fr-CA\",\"@id\":\"https:\\\/\\\/babiesboss.com\\\/#\\\/schema\\\/logo\\\/image\\\/\",\"url\":\"https:\\\/\\\/babiesboss.com\\\/wp-content\\\/uploads\\\/2022\\\/03\\\/Design-sans-titre-2.png\",\"contentUrl\":\"https:\\\/\\\/babiesboss.com\\\/wp-content\\\/uploads\\\/2022\\\/03\\\/Design-sans-titre-2.png\",\"width\":1094,\"height\":312,\"caption\":\"Babies Boss\"},\"image\":{\"@id\":\"https:\\\/\\\/babiesboss.com\\\/#\\\/schema\\\/logo\\\/image\\\/\"}}]}<\/script>\n<!-- \/ Yoast SEO plugin. -->","yoast_head_json":{"title":"R\u00e8glement du concours - Babies Boss","robots":{"index":"index","follow":"follow","max-snippet":"max-snippet:-1","max-image-preview":"max-image-preview:large","max-video-preview":"max-video-preview:-1"},"canonical":"https:\/\/babiesboss.com\/fr\/reglements\/","og_locale":"fr_CA","og_type":"article","og_title":"R\u00e8glement du concours - Babies Boss","og_description":"Organisateur du concours Le concours &#8220;Babies Boss&#8221; (ci-apr\u00e8s d\u00e9nomm\u00e9 le &#8220;concours&#8221;) est organis\u00e9 par Babies Boss (ci-apr\u00e8s d\u00e9nomm\u00e9 l'&#8221;organisateur du concours&#8221;). \u00c9ligibilit\u00e9 Le concours est ouvert \u00e0 tout parent ou futur parent (toute personne qui attend un enfant) au Canada et ayant atteint l&#8217;\u00e2ge de la majorit\u00e9 dans leur province de r\u00e9sidence au moment de...","og_url":"https:\/\/babiesboss.com\/fr\/reglements\/","og_site_name":"Babies Boss","article_modified_time":"2023-06-28T21:51:33+00:00","og_image":[{"url":"https:\/\/babiesboss.com\/wp-content\/uploads\/2022\/06\/animal-underline.svg","type":"","width":"","height":""}],"twitter_card":"summary_large_image","twitter_misc":{"Estimation du temps de lecture":"3 minutes"},"schema":{"@context":"https:\/\/schema.org","@graph":[{"@type":"WebPage","@id":"https:\/\/babiesboss.com\/reglements\/","url":"https:\/\/babiesboss.com\/reglements\/","name":"R\u00e8glement du concours - Babies Boss","isPartOf":{"@id":"https:\/\/babiesboss.com\/#website"},"primaryImageOfPage":{"@id":"https:\/\/babiesboss.com\/reglements\/#primaryimage"},"image":{"@id":"https:\/\/babiesboss.com\/reglements\/#primaryimage"},"thumbnailUrl":"https:\/\/babiesboss.com\/wp-content\/uploads\/2022\/06\/animal-underline.svg","datePublished":"2022-04-04T05:34:21+00:00","dateModified":"2023-06-28T21:51:33+00:00","breadcrumb":{"@id":"https:\/\/babiesboss.com\/reglements\/#breadcrumb"},"inLanguage":"fr-CA","potentialAction":[{"@type":"ReadAction","target":["https:\/\/babiesboss.com\/reglements\/"]}]},{"@type":"ImageObject","inLanguage":"fr-CA","@id":"https:\/\/babiesboss.com\/reglements\/#primaryimage","url":"https:\/\/babiesboss.com\/wp-content\/uploads\/2022\/06\/animal-underline.svg","contentUrl":"https:\/\/babiesboss.com\/wp-content\/uploads\/2022\/06\/animal-underline.svg"},{"@type":"BreadcrumbList","@id":"https:\/\/babiesboss.com\/reglements\/#breadcrumb","itemListElement":[{"@type":"ListItem","position":1,"name":"Home","item":"https:\/\/babiesboss.com\/"},{"@type":"ListItem","position":2,"name":"R\u00e8glement du concours"}]},{"@type":"WebSite","@id":"https:\/\/babiesboss.com\/#website","url":"https:\/\/babiesboss.com\/","name":"Babies Boss","description":"Le concours","publisher":{"@id":"https:\/\/babiesboss.com\/#organization"},"potentialAction":[{"@type":"SearchAction","target":{"@type":"EntryPoint","urlTemplate":"https:\/\/babiesboss.com\/?s={search_term_string}"},"query-input":{"@type":"PropertyValueSpecification","valueRequired":true,"valueName":"search_term_string"}}],"inLanguage":"fr-CA"},{"@type":"Organization","@id":"https:\/\/babiesboss.com\/#organization","name":"Babies Boss","url":"https:\/\/babiesboss.com\/","logo":{"@type":"ImageObject","inLanguage":"fr-CA","@id":"https:\/\/babiesboss.com\/#\/schema\/logo\/image\/","url":"https:\/\/babiesboss.com\/wp-content\/uploads\/2022\/03\/Design-sans-titre-2.png","contentUrl":"https:\/\/babiesboss.com\/wp-content\/uploads\/2022\/03\/Design-sans-titre-2.png","width":1094,"height":312,"caption":"Babies Boss"},"image":{"@id":"https:\/\/babiesboss.com\/#\/schema\/logo\/image\/"}}]}},"_links":{"self":[{"href":"https:\/\/babiesboss.com\/fr\/wp-json\/wp\/v2\/pages\/1672","targetHints":{"allow":["GET"]}}],"collection":[{"href":"https:\/\/babiesboss.com\/fr\/wp-json\/wp\/v2\/pages"}],"about":[{"href":"https:\/\/babiesboss.com\/fr\/wp-json\/wp\/v2\/types\/page"}],"author":[{"embeddable":true,"href":"https:\/\/babiesboss.com\/fr\/wp-json\/wp\/v2\/users\/2"}],"replies":[{"embeddable":true,"href":"https:\/\/babiesboss.com\/fr\/wp-json\/wp\/v2\/comments?post=1672"}],"version-history":[{"count":5,"href":"https:\/\/babiesboss.com\/fr\/wp-json\/wp\/v2\/pages\/1672\/revisions"}],"predecessor-version":[{"id":989156,"href":"https:\/\/babiesboss.com\/fr\/wp-json\/wp\/v2\/pages\/1672\/revisions\/989156"}],"wp:attachment":[{"href":"https:\/\/babiesboss.com\/fr\/wp-json\/wp\/v2\/media?parent=1672"}],"curies":[{"name":"wp","href":"https:\/\/api.w.org\/{rel}","templated":true}]}}