{"id":3628,"date":"2022-05-17T22:19:23","date_gmt":"2022-05-17T22:19:23","guid":{"rendered":"https:\/\/debebe.vamtam.com\/?page_id=3628"},"modified":"2023-05-09T16:12:33","modified_gmt":"2023-05-09T16:12:33","slug":"nous-contacter","status":"publish","type":"page","link":"https:\/\/babiesboss.com\/en\/nous-contacter\/","title":{"rendered":"Contact Us"},"content":{"rendered":"\t\t<div data-elementor-type=\"wp-page\" data-elementor-id=\"3628\" class=\"elementor elementor-3628\">\n\t\t\t\t\t\t<section class=\"elementor-section elementor-top-section elementor-element elementor-element-2ba3e35 elementor-section-boxed elementor-section-height-default elementor-section-height-default\" data-id=\"2ba3e35\" data-element_type=\"section\" data-e-type=\"section\">\n\t\t\t\t\t\t<div class=\"elementor-container elementor-column-gap-no\">\n\t\t\t\t\t<div class=\"elementor-column elementor-col-100 elementor-top-column elementor-element elementor-element-6ee0538\" data-id=\"6ee0538\" data-element_type=\"column\" data-e-type=\"column\">\n\t\t\t<div class=\"elementor-widget-wrap elementor-element-populated\">\n\t\t\t\t\t\t<div class=\"elementor-element elementor-element-14fea8a elementor-widget elementor-widget-heading\" data-id=\"14fea8a\" data-element_type=\"widget\" data-e-type=\"widget\" data-widget_type=\"heading.default\">\n\t\t\t\t<div class=\"elementor-widget-container\">\n\t\t\t\t\t<h1 class=\"elementor-heading-title elementor-size-default\">Vous avez une question ? Contactez-nous<\/h1>\t\t\t\t<\/div>\n\t\t\t\t<\/div>\n\t\t\t\t\t<\/div>\n\t\t<\/div>\n\t\t\t\t\t<\/div>\n\t\t<\/section>\n\t\t\t\t<section class=\"elementor-section elementor-top-section elementor-element elementor-element-26c0b12 elementor-section-boxed elementor-section-height-default elementor-section-height-default\" data-id=\"26c0b12\" data-element_type=\"section\" data-e-type=\"section\">\n\t\t\t\t\t\t<div class=\"elementor-container elementor-column-gap-no\">\n\t\t\t\t\t<div class=\"elementor-column elementor-col-100 elementor-top-column elementor-element elementor-element-4c84c4a\" data-id=\"4c84c4a\" data-element_type=\"column\" data-e-type=\"column\">\n\t\t\t<div class=\"elementor-widget-wrap elementor-element-populated\">\n\t\t\t\t\t\t<div class=\"vamtam-has-theme-widget-styles elementor-element elementor-element-d591c87 elementor-widget elementor-widget-image\" data-id=\"d591c87\" data-element_type=\"widget\" data-e-type=\"widget\" data-widget_type=\"image.default\">\n\t\t\t\t<div class=\"elementor-widget-container\">\n\t\t\t\t\t\t\t\t\t<div class=\"elementor-image\">\n\t\t\t\t\t\t\t\t\t\t\t\t\t\t\t\t\t\t\t\t\t<img decoding=\"async\" data-src=\"https:\/\/debebe.vamtam.com\/wp-content\/uploads\/2022\/05\/path-2.svg\" title=\"\" alt=\"\" src=\"data:image\/svg+xml;base64,PHN2ZyB3aWR0aD0iMSIgaGVpZ2h0PSIxIiB4bWxucz0iaHR0cDovL3d3dy53My5vcmcvMjAwMC9zdmciPjwvc3ZnPg==\" class=\"lazyload\" \/>\t\t\t\t\t\t\t\t\t\t\t\t\t\t\t\t\t\t\t\t\t\t\t\t<\/div>\n\t\t\t\t\t\t\t\t<\/div>\n\t\t\t\t<\/div>\n\t\t\t\t\t<\/div>\n\t\t<\/div>\n\t\t\t\t\t<\/div>\n\t\t<\/section>\n\t\t\t\t<section class=\"elementor-section elementor-top-section elementor-element elementor-element-2755d2a elementor-section-full_width elementor-section-height-default elementor-section-height-default\" data-id=\"2755d2a\" data-element_type=\"section\" data-e-type=\"section\" data-settings=\"{&quot;background_background&quot;:&quot;classic&quot;}\">\n\t\t\t\t\t\t<div class=\"elementor-container elementor-column-gap-no\">\n\t\t\t\t\t<div class=\"elementor-column elementor-col-100 elementor-top-column elementor-element elementor-element-80e365e\" data-id=\"80e365e\" data-element_type=\"column\" data-e-type=\"column\">\n\t\t\t<div class=\"elementor-widget-wrap elementor-element-populated\">\n\t\t\t\t\t\t<div class=\"elementor-element elementor-element-58e32af elementor-widget elementor-widget-spacer\" data-id=\"58e32af\" data-element_type=\"widget\" data-e-type=\"widget\" data-widget_type=\"spacer.default\">\n\t\t\t\t<div class=\"elementor-widget-container\">\n\t\t\t\t\t\t\t<div class=\"elementor-spacer\">\n\t\t\t<div class=\"elementor-spacer-inner\"><\/div>\n\t\t<\/div>\n\t\t\t\t\t\t<\/div>\n\t\t\t\t<\/div>\n\t\t\t\t\t<\/div>\n\t\t<\/div>\n\t\t\t\t\t<\/div>\n\t\t<\/section>\n\t\t\t\t<section class=\"elementor-section elementor-top-section elementor-element elementor-element-2122a2d elementor-section-boxed elementor-section-height-default elementor-section-height-default\" data-id=\"2122a2d\" data-element_type=\"section\" data-e-type=\"section\" data-settings=\"{&quot;background_background&quot;:&quot;classic&quot;}\">\n\t\t\t\t\t\t\t<div class=\"elementor-background-overlay\"><\/div>\n\t\t\t\t\t\t\t<div class=\"elementor-container elementor-column-gap-no\">\n\t\t\t\t\t<div class=\"elementor-column elementor-col-100 elementor-top-column elementor-element elementor-element-36ae300\" data-id=\"36ae300\" data-element_type=\"column\" data-e-type=\"column\">\n\t\t\t<div class=\"elementor-widget-wrap elementor-element-populated\">\n\t\t\t\t\t\t<div class=\"elementor-element elementor-element-cd54005 elementor-widget elementor-widget-heading\" data-id=\"cd54005\" data-element_type=\"widget\" data-e-type=\"widget\" data-widget_type=\"heading.default\">\n\t\t\t\t<div class=\"elementor-widget-container\">\n\t\t\t\t\t<h2 class=\"elementor-heading-title elementor-size-default\">Formulaire de contact<\/h2>\t\t\t\t<\/div>\n\t\t\t\t<\/div>\n\t\t\t\t<div class=\"elementor-element elementor-element-7d23cae elementor-widget__width-initial elementor-widget-tablet__width-initial elementor-widget elementor-widget-heading\" data-id=\"7d23cae\" data-element_type=\"widget\" data-e-type=\"widget\" data-widget_type=\"heading.default\">\n\t\t\t\t<div class=\"elementor-widget-container\">\n\t\t\t\t\t<p class=\"elementor-heading-title elementor-size-default\">Remplissez le formulaire ci-dessous et nous ferons de notre mieux pour vous r\u00e9pondre dans les 48 heures !<\/p>\t\t\t\t<\/div>\n\t\t\t\t<\/div>\n\t\t\t\t<div class=\"vamtam-has-theme-widget-styles elementor-element elementor-element-8db9cef elementor-button-align-center elementor-widget__width-initial elementor-mobile-button-align-start elementor-widget elementor-widget-form\" data-id=\"8db9cef\" data-element_type=\"widget\" data-e-type=\"widget\" data-settings=\"{&quot;step_next_label&quot;:&quot;Next&quot;,&quot;step_previous_label&quot;:&quot;Previous&quot;,&quot;button_width&quot;:&quot;100&quot;,&quot;step_type&quot;:&quot;number_text&quot;,&quot;step_icon_shape&quot;:&quot;circle&quot;}\" data-widget_type=\"form.default\">\n\t\t\t\t<div class=\"elementor-widget-container\">\n\t\t\t\t\t\t\t<form class=\"elementor-form\" method=\"post\" id=\"contact_Form\" name=\"New Form\">\n\t\t\t<input type=\"hidden\" name=\"post_id\" value=\"3628\"\/>\n\t\t\t<input type=\"hidden\" name=\"form_id\" value=\"8db9cef\"\/>\n\t\t\t<input type=\"hidden\" name=\"referer_title\" value=\"Babies Boss\" \/>\n\n\t\t\t\n\t\t\t<div class=\"elementor-form-fields-wrapper elementor-labels-above\">\n\t\t\t\t\t\t\t\t<div class=\"elementor-field-type-text elementor-field-group elementor-column elementor-field-group-name elementor-col-50 elementor-field-required elementor-mark-required\">\n\t\t\t\t\t\t\t\t\t\t\t\t<label for=\"form-field-name\" class=\"elementor-field-label\">\n\t\t\t\t\t\t\t\tPr\u00e9nom\t\t\t\t\t\t\t<\/label>\n\t\t\t\t\t\t\t\t\t\t\t\t\t\t<input size=\"1\" type=\"text\" name=\"form_fields[name]\" id=\"form-field-name\" class=\"elementor-field elementor-size-md  elementor-field-textual\" required=\"required\" aria-required=\"true\">\n\t\t\t\t\t\t\t\t\t\t\t<\/div>\n\t\t\t\t\t\t\t\t<div class=\"elementor-field-type-text elementor-field-group elementor-column elementor-field-group-field_59bf1c6 elementor-col-50 elementor-field-required elementor-mark-required\">\n\t\t\t\t\t\t\t\t\t\t\t\t<label for=\"form-field-field_59bf1c6\" class=\"elementor-field-label\">\n\t\t\t\t\t\t\t\tNom de Famille\t\t\t\t\t\t\t<\/label>\n\t\t\t\t\t\t\t\t\t\t\t\t\t\t<input size=\"1\" type=\"text\" name=\"form_fields[field_59bf1c6]\" id=\"form-field-field_59bf1c6\" class=\"elementor-field elementor-size-md  elementor-field-textual\" required=\"required\" aria-required=\"true\">\n\t\t\t\t\t\t\t\t\t\t\t<\/div>\n\t\t\t\t\t\t\t\t<div class=\"elementor-field-type-tel elementor-field-group elementor-column elementor-field-group-field_30d47b9 elementor-col-50 elementor-field-required elementor-mark-required\">\n\t\t\t\t\t\t\t\t\t\t\t\t<label for=\"form-field-field_30d47b9\" class=\"elementor-field-label\">\n\t\t\t\t\t\t\t\tNum\u00e9ro de t\u00e9l\u00e9phone\t\t\t\t\t\t\t<\/label>\n\t\t\t\t\t\t\t\t<input size=\"1\" type=\"tel\" name=\"form_fields[field_30d47b9]\" id=\"form-field-field_30d47b9\" class=\"elementor-field elementor-size-md  elementor-field-textual\" required=\"required\" aria-required=\"true\" pattern=\"[0-9()#&amp;+*-=.]+\" title=\"Only numbers and phone characters (#, -, *, etc) are accepted.\">\n\n\t\t\t\t\t\t<\/div>\n\t\t\t\t\t\t\t\t<div class=\"elementor-field-type-email elementor-field-group elementor-column elementor-field-group-email elementor-col-50 elementor-field-required elementor-mark-required\">\n\t\t\t\t\t\t\t\t\t\t\t\t<label for=\"form-field-email\" class=\"elementor-field-label\">\n\t\t\t\t\t\t\t\tVotre Courriel\t\t\t\t\t\t\t<\/label>\n\t\t\t\t\t\t\t\t\t\t\t\t\t\t<input size=\"1\" type=\"email\" name=\"form_fields[email]\" id=\"form-field-email\" class=\"elementor-field elementor-size-md  elementor-field-textual\" required=\"required\" aria-required=\"true\">\n\t\t\t\t\t\t\t\t\t\t\t<\/div>\n\t\t\t\t\t\t\t\t<div class=\"elementor-field-type-textarea elementor-field-group elementor-column elementor-field-group-message elementor-col-100 elementor-field-required elementor-mark-required\">\n\t\t\t\t\t\t\t\t\t\t\t\t<label for=\"form-field-message\" class=\"elementor-field-label\">\n\t\t\t\t\t\t\t\tVotre message\t\t\t\t\t\t\t<\/label>\n\t\t\t\t\t\t<textarea class=\"elementor-field-textual elementor-field  elementor-size-md\" name=\"form_fields[message]\" id=\"form-field-message\" rows=\"4\" required=\"required\" aria-required=\"true\"><\/textarea>\t\t\t\t<\/div>\n\t\t\t\t\t\t\t\t<div class=\"elementor-field-group elementor-column elementor-field-type-submit elementor-col-100 e-form__buttons\">\n\t\t\t\t\t<button type=\"submit\" class=\"elementor-button elementor-size-sm\">\n\t\t\t\t\t\t<span >\n\t\t\t\t\t\t\t\t\t\t\t\t\t\t\t<span class=\"elementor-align-icon-right elementor-button-icon\">\n\t\t\t\t\t\t\t\t\t<i aria-hidden=\"true\" class=\"vamtamtheme- vamtam-theme-arrow-right\"><\/i>\t\t\t\t\t\t\t\t\t\t\t\t\t\t\t\t\t<\/span>\n\t\t\t\t\t\t\t\t\t\t\t\t\t\t\t\t\t\t\t\t\t\t<span class=\"elementor-button-text\">Envoyez<\/span>\n\t\t\t\t\t\t\t\t\t\t\t\t\t<\/span>\n\t\t\t\t\t<\/button>\n\t\t\t\t<\/div>\n\t\t\t<\/div>\n\t\t<\/form>\n\t\t\t\t\t\t<\/div>\n\t\t\t\t<\/div>\n\t\t\t\t<div class=\"vamtam-has-theme-widget-styles elementor-element elementor-element-3abfff5 elementor-widget elementor-widget-image\" data-id=\"3abfff5\" data-element_type=\"widget\" data-e-type=\"widget\" data-widget_type=\"image.default\">\n\t\t\t\t<div class=\"elementor-widget-container\">\n\t\t\t\t\t\t\t\t\t<div class=\"elementor-image\">\n\t\t\t\t\t\t\t\t\t\t\t\t\t\t\t\t\t\t\t\t\t<img decoding=\"async\" width=\"149\" height=\"211\" data-src=\"https:\/\/babiesboss.com\/wp-content\/uploads\/2022\/03\/hors.svg\" class=\"attachment-large size-large wp-image-47 lazyload\" alt=\"\" src=\"data:image\/svg+xml;base64,PHN2ZyB3aWR0aD0iMSIgaGVpZ2h0PSIxIiB4bWxucz0iaHR0cDovL3d3dy53My5vcmcvMjAwMC9zdmciPjwvc3ZnPg==\" style=\"--smush-placeholder-width: 149px; --smush-placeholder-aspect-ratio: 149\/211;\" \/>\t\t\t\t\t\t\t\t\t\t\t\t\t\t\t\t\t\t\t\t\t\t\t\t<\/div>\n\t\t\t\t\t\t\t\t<\/div>\n\t\t\t\t<\/div>\n\t\t\t\t<div class=\"vamtam-has-theme-widget-styles elementor-element elementor-element-f4233a5 elementor-widget elementor-widget-image\" data-id=\"f4233a5\" data-element_type=\"widget\" data-e-type=\"widget\" data-widget_type=\"image.default\">\n\t\t\t\t<div class=\"elementor-widget-container\">\n\t\t\t\t\t\t\t\t\t<div class=\"elementor-image\">\n\t\t\t\t\t\t\t\t\t\t\t\t\t\t\t\t\t\t\t\t\t<img decoding=\"async\" data-src=\"https:\/\/debebe.vamtam.com\/wp-content\/uploads\/2022\/06\/animal-underline.svg\" title=\"\" alt=\"\" src=\"data:image\/svg+xml;base64,PHN2ZyB3aWR0aD0iMSIgaGVpZ2h0PSIxIiB4bWxucz0iaHR0cDovL3d3dy53My5vcmcvMjAwMC9zdmciPjwvc3ZnPg==\" class=\"lazyload\" \/>\t\t\t\t\t\t\t\t\t\t\t\t\t\t\t\t\t\t\t\t\t\t\t\t<\/div>\n\t\t\t\t\t\t\t\t<\/div>\n\t\t\t\t<\/div>\n\t\t\t\t\t<\/div>\n\t\t<\/div>\n\t\t\t\t\t<\/div>\n\t\t<\/section>\n\t\t\t\t<\/div>\n\t\t","protected":false},"excerpt":{"rendered":"<p>Vous avez une question ? Contactez-nous Formulaire de contact Remplissez le formulaire ci-dessous et nous ferons de notre mieux pour vous r\u00e9pondre dans les 48 heures !<\/p>","protected":false},"author":2,"featured_media":0,"parent":0,"menu_order":0,"comment_status":"closed","ping_status":"closed","template":"","meta":{"nf_dc_page":"","footnotes":""},"class_list":["post-3628","page","type-page","status-publish","hentry"],"yoast_head":"<!-- This site is optimized with the Yoast SEO plugin v27.4 - https:\/\/yoast.com\/product\/yoast-seo-wordpress\/ -->\n<title>Nous Contacter - Babies Boss<\/title>\n<meta name=\"robots\" content=\"index, follow, max-snippet:-1, max-image-preview:large, max-video-preview:-1\" \/>\n<link rel=\"canonical\" href=\"https:\/\/babiesboss.com\/en\/nous-contacter\/\" \/>\n<meta property=\"og:locale\" content=\"en_US\" \/>\n<meta property=\"og:type\" content=\"article\" \/>\n<meta property=\"og:title\" content=\"Nous Contacter - Babies Boss\" \/>\n<meta property=\"og:description\" content=\"Vous avez une question ? Contactez-nous Formulaire de contact Remplissez le formulaire ci-dessous et nous ferons de notre mieux pour vous r\u00e9pondre dans les 48 heures !\" \/>\n<meta property=\"og:url\" content=\"https:\/\/babiesboss.com\/en\/nous-contacter\/\" \/>\n<meta property=\"og:site_name\" content=\"Babies Boss\" \/>\n<meta property=\"article:modified_time\" content=\"2023-05-09T16:12:33+00:00\" \/>\n<meta property=\"og:image\" content=\"https:\/\/babiesboss.com\/wp-content\/uploads\/2022\/05\/path-2.svg\" \/>\n<meta name=\"twitter:card\" content=\"summary_large_image\" \/>\n<script type=\"application\/ld+json\" class=\"yoast-schema-graph\">{\"@context\":\"https:\\\/\\\/schema.org\",\"@graph\":[{\"@type\":\"WebPage\",\"@id\":\"https:\\\/\\\/babiesboss.com\\\/nous-contacter\\\/\",\"url\":\"https:\\\/\\\/babiesboss.com\\\/nous-contacter\\\/\",\"name\":\"Nous Contacter - Babies Boss\",\"isPartOf\":{\"@id\":\"https:\\\/\\\/babiesboss.com\\\/#website\"},\"primaryImageOfPage\":{\"@id\":\"https:\\\/\\\/babiesboss.com\\\/nous-contacter\\\/#primaryimage\"},\"image\":{\"@id\":\"https:\\\/\\\/babiesboss.com\\\/nous-contacter\\\/#primaryimage\"},\"thumbnailUrl\":\"https:\\\/\\\/babiesboss.com\\\/wp-content\\\/uploads\\\/2022\\\/05\\\/path-2.svg\",\"datePublished\":\"2022-05-17T22:19:23+00:00\",\"dateModified\":\"2023-05-09T16:12:33+00:00\",\"breadcrumb\":{\"@id\":\"https:\\\/\\\/babiesboss.com\\\/nous-contacter\\\/#breadcrumb\"},\"inLanguage\":\"en-CA\",\"potentialAction\":[{\"@type\":\"ReadAction\",\"target\":[\"https:\\\/\\\/babiesboss.com\\\/nous-contacter\\\/\"]}]},{\"@type\":\"ImageObject\",\"inLanguage\":\"en-CA\",\"@id\":\"https:\\\/\\\/babiesboss.com\\\/nous-contacter\\\/#primaryimage\",\"url\":\"https:\\\/\\\/babiesboss.com\\\/wp-content\\\/uploads\\\/2022\\\/05\\\/path-2.svg\",\"contentUrl\":\"https:\\\/\\\/babiesboss.com\\\/wp-content\\\/uploads\\\/2022\\\/05\\\/path-2.svg\"},{\"@type\":\"BreadcrumbList\",\"@id\":\"https:\\\/\\\/babiesboss.com\\\/nous-contacter\\\/#breadcrumb\",\"itemListElement\":[{\"@type\":\"ListItem\",\"position\":1,\"name\":\"Home\",\"item\":\"https:\\\/\\\/babiesboss.com\\\/\"},{\"@type\":\"ListItem\",\"position\":2,\"name\":\"Nous Contacter\"}]},{\"@type\":\"WebSite\",\"@id\":\"https:\\\/\\\/babiesboss.com\\\/#website\",\"url\":\"https:\\\/\\\/babiesboss.com\\\/\",\"name\":\"Babies Boss\",\"description\":\"Le concours\",\"publisher\":{\"@id\":\"https:\\\/\\\/babiesboss.com\\\/#organization\"},\"potentialAction\":[{\"@type\":\"SearchAction\",\"target\":{\"@type\":\"EntryPoint\",\"urlTemplate\":\"https:\\\/\\\/babiesboss.com\\\/?s={search_term_string}\"},\"query-input\":{\"@type\":\"PropertyValueSpecification\",\"valueRequired\":true,\"valueName\":\"search_term_string\"}}],\"inLanguage\":\"en-CA\"},{\"@type\":\"Organization\",\"@id\":\"https:\\\/\\\/babiesboss.com\\\/#organization\",\"name\":\"Babies Boss\",\"url\":\"https:\\\/\\\/babiesboss.com\\\/\",\"logo\":{\"@type\":\"ImageObject\",\"inLanguage\":\"en-CA\",\"@id\":\"https:\\\/\\\/babiesboss.com\\\/#\\\/schema\\\/logo\\\/image\\\/\",\"url\":\"https:\\\/\\\/babiesboss.com\\\/wp-content\\\/uploads\\\/2022\\\/03\\\/Design-sans-titre-2.png\",\"contentUrl\":\"https:\\\/\\\/babiesboss.com\\\/wp-content\\\/uploads\\\/2022\\\/03\\\/Design-sans-titre-2.png\",\"width\":1094,\"height\":312,\"caption\":\"Babies Boss\"},\"image\":{\"@id\":\"https:\\\/\\\/babiesboss.com\\\/#\\\/schema\\\/logo\\\/image\\\/\"}}]}<\/script>\n<!-- \/ Yoast SEO plugin. -->","yoast_head_json":{"title":"Nous Contacter - Babies Boss","robots":{"index":"index","follow":"follow","max-snippet":"max-snippet:-1","max-image-preview":"max-image-preview:large","max-video-preview":"max-video-preview:-1"},"canonical":"https:\/\/babiesboss.com\/en\/nous-contacter\/","og_locale":"en_US","og_type":"article","og_title":"Nous Contacter - Babies Boss","og_description":"Vous avez une question ? Contactez-nous Formulaire de contact Remplissez le formulaire ci-dessous et nous ferons de notre mieux pour vous r\u00e9pondre dans les 48 heures !","og_url":"https:\/\/babiesboss.com\/en\/nous-contacter\/","og_site_name":"Babies Boss","article_modified_time":"2023-05-09T16:12:33+00:00","og_image":[{"url":"https:\/\/babiesboss.com\/wp-content\/uploads\/2022\/05\/path-2.svg","type":"","width":"","height":""}],"twitter_card":"summary_large_image","schema":{"@context":"https:\/\/schema.org","@graph":[{"@type":"WebPage","@id":"https:\/\/babiesboss.com\/nous-contacter\/","url":"https:\/\/babiesboss.com\/nous-contacter\/","name":"Nous Contacter - Babies Boss","isPartOf":{"@id":"https:\/\/babiesboss.com\/#website"},"primaryImageOfPage":{"@id":"https:\/\/babiesboss.com\/nous-contacter\/#primaryimage"},"image":{"@id":"https:\/\/babiesboss.com\/nous-contacter\/#primaryimage"},"thumbnailUrl":"https:\/\/babiesboss.com\/wp-content\/uploads\/2022\/05\/path-2.svg","datePublished":"2022-05-17T22:19:23+00:00","dateModified":"2023-05-09T16:12:33+00:00","breadcrumb":{"@id":"https:\/\/babiesboss.com\/nous-contacter\/#breadcrumb"},"inLanguage":"en-CA","potentialAction":[{"@type":"ReadAction","target":["https:\/\/babiesboss.com\/nous-contacter\/"]}]},{"@type":"ImageObject","inLanguage":"en-CA","@id":"https:\/\/babiesboss.com\/nous-contacter\/#primaryimage","url":"https:\/\/babiesboss.com\/wp-content\/uploads\/2022\/05\/path-2.svg","contentUrl":"https:\/\/babiesboss.com\/wp-content\/uploads\/2022\/05\/path-2.svg"},{"@type":"BreadcrumbList","@id":"https:\/\/babiesboss.com\/nous-contacter\/#breadcrumb","itemListElement":[{"@type":"ListItem","position":1,"name":"Home","item":"https:\/\/babiesboss.com\/"},{"@type":"ListItem","position":2,"name":"Nous Contacter"}]},{"@type":"WebSite","@id":"https:\/\/babiesboss.com\/#website","url":"https:\/\/babiesboss.com\/","name":"Babies Boss","description":"Le concours","publisher":{"@id":"https:\/\/babiesboss.com\/#organization"},"potentialAction":[{"@type":"SearchAction","target":{"@type":"EntryPoint","urlTemplate":"https:\/\/babiesboss.com\/?s={search_term_string}"},"query-input":{"@type":"PropertyValueSpecification","valueRequired":true,"valueName":"search_term_string"}}],"inLanguage":"en-CA"},{"@type":"Organization","@id":"https:\/\/babiesboss.com\/#organization","name":"Babies Boss","url":"https:\/\/babiesboss.com\/","logo":{"@type":"ImageObject","inLanguage":"en-CA","@id":"https:\/\/babiesboss.com\/#\/schema\/logo\/image\/","url":"https:\/\/babiesboss.com\/wp-content\/uploads\/2022\/03\/Design-sans-titre-2.png","contentUrl":"https:\/\/babiesboss.com\/wp-content\/uploads\/2022\/03\/Design-sans-titre-2.png","width":1094,"height":312,"caption":"Babies Boss"},"image":{"@id":"https:\/\/babiesboss.com\/#\/schema\/logo\/image\/"}}]}},"_links":{"self":[{"href":"https:\/\/babiesboss.com\/en\/wp-json\/wp\/v2\/pages\/3628","targetHints":{"allow":["GET"]}}],"collection":[{"href":"https:\/\/babiesboss.com\/en\/wp-json\/wp\/v2\/pages"}],"about":[{"href":"https:\/\/babiesboss.com\/en\/wp-json\/wp\/v2\/types\/page"}],"author":[{"embeddable":true,"href":"https:\/\/babiesboss.com\/en\/wp-json\/wp\/v2\/users\/2"}],"replies":[{"embeddable":true,"href":"https:\/\/babiesboss.com\/en\/wp-json\/wp\/v2\/comments?post=3628"}],"version-history":[{"count":20,"href":"https:\/\/babiesboss.com\/en\/wp-json\/wp\/v2\/pages\/3628\/revisions"}],"predecessor-version":[{"id":989059,"href":"https:\/\/babiesboss.com\/en\/wp-json\/wp\/v2\/pages\/3628\/revisions\/989059"}],"wp:attachment":[{"href":"https:\/\/babiesboss.com\/en\/wp-json\/wp\/v2\/media?parent=3628"}],"curies":[{"name":"wp","href":"https:\/\/api.w.org\/{rel}","templated":true}]}}