{"id":1672,"date":"2022-04-04T07:34:21","date_gmt":"2022-04-04T05:34:21","guid":{"rendered":"https:\/\/debebe.vamtam.com\/?page_id=1672"},"modified":"2023-06-28T21:51:33","modified_gmt":"2023-06-28T21:51:33","slug":"reglements","status":"publish","type":"page","link":"https:\/\/babiesboss.com\/en\/reglements\/","title":{"rendered":"Rules"},"content":{"rendered":"<div data-elementor-type=\"wp-page\" data-elementor-id=\"1672\" class=\"elementor elementor-1672\">\n\t\t\t\t\t\t<section class=\"elementor-section elementor-top-section elementor-element elementor-element-d77299b elementor-section-boxed elementor-section-height-default elementor-section-height-default\" data-id=\"d77299b\" data-element_type=\"section\" data-e-type=\"section\">\n\t\t\t\t\t\t<div class=\"elementor-container elementor-column-gap-no\">\n\t\t\t\t\t<div class=\"elementor-column elementor-col-100 elementor-top-column elementor-element elementor-element-bfd0880\" data-id=\"bfd0880\" data-element_type=\"column\" data-e-type=\"column\">\n\t\t\t<div class=\"elementor-widget-wrap elementor-element-populated\">\n\t\t\t\t\t\t\t<\/div>\n\t\t<\/div>\n\t\t\t\t\t<\/div>\n\t\t<\/section>\n\t\t\t\t<section class=\"elementor-section elementor-top-section elementor-element elementor-element-45f0895 elementor-section-boxed elementor-section-height-default elementor-section-height-default\" data-id=\"45f0895\" data-element_type=\"section\" data-e-type=\"section\">\n\t\t\t\t\t\t<div class=\"elementor-container elementor-column-gap-no\">\n\t\t\t\t\t<div class=\"elementor-column elementor-col-100 elementor-top-column elementor-element elementor-element-f874ba0\" data-id=\"f874ba0\" data-element_type=\"column\" data-e-type=\"column\">\n\t\t\t<div class=\"elementor-widget-wrap elementor-element-populated\">\n\t\t\t\t\t\t<div class=\"elementor-element elementor-element-6a3dea7 elementor-widget elementor-widget-heading\" data-id=\"6a3dea7\" data-element_type=\"widget\" data-e-type=\"widget\" data-widget_type=\"heading.default\">\n\t\t\t\t<div class=\"elementor-widget-container\">\n\t\t\t\t\t<h3 class=\"elementor-heading-title elementor-size-default\">Contest Organizer<\/h3>\t\t\t\t<\/div>\n\t\t\t\t<\/div>\n\t\t\t\t<div class=\"elementor-element elementor-element-ab3328b elementor-widget elementor-widget-text-editor\" data-id=\"ab3328b\" data-element_type=\"widget\" data-e-type=\"widget\" data-widget_type=\"text-editor.default\">\n\t\t\t\t<div class=\"elementor-widget-container\">\n\t\t\t\t\t\t\t\t\t<p>The \u201cBabies Boss\u201d contest (hereinafter referred to as the \u201ccontest\u201d) is organized by Babies Boss (hereinafter referred to as the \u201ccontest organizer\u201d).<\/p>\t\t\t\t\t\t\t\t<\/div>\n\t\t\t\t<\/div>\n\t\t\t\t<div class=\"elementor-element elementor-element-4c4637d elementor-widget elementor-widget-heading\" data-id=\"4c4637d\" data-element_type=\"widget\" data-e-type=\"widget\" data-widget_type=\"heading.default\">\n\t\t\t\t<div class=\"elementor-widget-container\">\n\t\t\t\t\t<h3 class=\"elementor-heading-title elementor-size-default\">Eligibility<\/h3>\t\t\t\t<\/div>\n\t\t\t\t<\/div>\n\t\t\t\t<div class=\"elementor-element elementor-element-e8e97e1 elementor-widget elementor-widget-text-editor\" data-id=\"e8e97e1\" data-element_type=\"widget\" data-e-type=\"widget\" data-widget_type=\"text-editor.default\">\n\t\t\t\t<div class=\"elementor-widget-container\">\n\t\t\t\t\t\t\t\t\t<p>The contest is open to all parents or expectant parents (anyone who is expecting a child) in Canada who have reached the age of majority in their province of residence at the time of their participation. Employees of Babies Boss and their immediate family members are not eligible to participate.<\/p>\t\t\t\t\t\t\t\t<\/div>\n\t\t\t\t<\/div>\n\t\t\t\t<div class=\"elementor-element elementor-element-a8bbd21 elementor-widget elementor-widget-heading\" data-id=\"a8bbd21\" data-element_type=\"widget\" data-e-type=\"widget\" data-widget_type=\"heading.default\">\n\t\t\t\t<div class=\"elementor-widget-container\">\n\t\t\t\t\t<h3 class=\"elementor-heading-title elementor-size-default\">Duration<\/h3>\t\t\t\t<\/div>\n\t\t\t\t<\/div>\n\t\t\t\t<div class=\"elementor-element elementor-element-5aae2c3 elementor-widget elementor-widget-text-editor\" data-id=\"5aae2c3\" data-element_type=\"widget\" data-e-type=\"widget\" data-widget_type=\"text-editor.default\">\n\t\t\t\t<div class=\"elementor-widget-container\">\n\t\t\t\t\t\t\t\t\t<p>The contest starts on the first day of each month at 00:01 (Montreal time) and ends on the last day of the month at 23:59 (Montreal time). Any entries received outside this period will be considered void or will be entered into the following contest.\u00a0<span style=\"font-family: Catamaran, sans-serif; font-size: 14px; font-style: normal; font-variant-ligatures: normal; font-variant-caps: normal; font-weight: 400;\">consid\u00e9r\u00e9e\u00a0<\/span>pour dans le concours suivant.<\/p><p>The GRAND contest and its draw will be announced on our website and social media every 6 months.<\/p>\t\t\t\t\t\t\t\t<\/div>\n\t\t\t\t<\/div>\n\t\t\t\t<div class=\"elementor-element elementor-element-5f59a75 elementor-widget elementor-widget-heading\" data-id=\"5f59a75\" data-element_type=\"widget\" data-e-type=\"widget\" data-widget_type=\"heading.default\">\n\t\t\t\t<div class=\"elementor-widget-container\">\n\t\t\t\t\t<h3 class=\"elementor-heading-title elementor-size-default\">How to Participate<\/h3>\t\t\t\t<\/div>\n\t\t\t\t<\/div>\n\t\t\t\t<div class=\"elementor-element elementor-element-f2c29de elementor-widget elementor-widget-text-editor\" data-id=\"f2c29de\" data-element_type=\"widget\" data-e-type=\"widget\" data-widget_type=\"text-editor.default\">\n\t\t\t\t<div class=\"elementor-widget-container\">\n\t\t\t\t\t\t\t\t\t<p>To participate in the contest, participants must visit the contest website at www.babiesboss.com (hereinafter referred to as the \u201cwebsite\u201d) and follow the instructions to submit their entry. Participants must complete the entry form, providing all required information, including their name, email address, and any other requested details.<\/p>\t\t\t\t\t\t\t\t<\/div>\n\t\t\t\t<\/div>\n\t\t\t\t<div class=\"elementor-element elementor-element-ec069a8 elementor-widget elementor-widget-heading\" data-id=\"ec069a8\" data-element_type=\"widget\" data-e-type=\"widget\" data-widget_type=\"heading.default\">\n\t\t\t\t<div class=\"elementor-widget-container\">\n\t\t\t\t\t<h3 class=\"elementor-heading-title elementor-size-default\">Prizes<\/h3>\t\t\t\t<\/div>\n\t\t\t\t<\/div>\n\t\t\t\t<div class=\"elementor-element elementor-element-73b9f4d elementor-widget elementor-widget-text-editor\" data-id=\"73b9f4d\" data-element_type=\"widget\" data-e-type=\"widget\" data-widget_type=\"text-editor.default\">\n\t\t\t\t<div class=\"elementor-widget-container\">\n\t\t\t\t\t\t\t\t\t<p>The prizes for the contest will be announced on the contest website. Winners will be selected randomly from all eligible entries received during the contest period. Prizes are non-transferable and cannot be exchanged for money or any other prizes.<\/p>\t\t\t\t\t\t\t\t<\/div>\n\t\t\t\t<\/div>\n\t\t\t\t<div class=\"elementor-element elementor-element-e148758 elementor-widget elementor-widget-heading\" data-id=\"e148758\" data-element_type=\"widget\" data-e-type=\"widget\" data-widget_type=\"heading.default\">\n\t\t\t\t<div class=\"elementor-widget-container\">\n\t\t\t\t\t<h3 class=\"elementor-heading-title elementor-size-default\">Selection of Winners<\/h3>\t\t\t\t<\/div>\n\t\t\t\t<\/div>\n\t\t\t\t<div class=\"elementor-element elementor-element-928a2f2 elementor-widget elementor-widget-text-editor\" data-id=\"928a2f2\" data-element_type=\"widget\" data-e-type=\"widget\" data-widget_type=\"text-editor.default\">\n\t\t\t\t<div class=\"elementor-widget-container\">\n\t\t\t\t\t\t\t\t\t<p>Winners will be selected randomly from all eligible entries received during the contest period. The chances of winning depend on the total number of eligible entries received.<\/p>\t\t\t\t\t\t\t\t<\/div>\n\t\t\t\t<\/div>\n\t\t\t\t<div class=\"elementor-element elementor-element-d5faa83 elementor-widget elementor-widget-heading\" data-id=\"d5faa83\" data-element_type=\"widget\" data-e-type=\"widget\" data-widget_type=\"heading.default\">\n\t\t\t\t<div class=\"elementor-widget-container\">\n\t\t\t\t\t<h3 class=\"elementor-heading-title elementor-size-default\">Winner Notification<\/h3>\t\t\t\t<\/div>\n\t\t\t\t<\/div>\n\t\t\t\t<div class=\"elementor-element elementor-element-ad2388d elementor-widget elementor-widget-text-editor\" data-id=\"ad2388d\" data-element_type=\"widget\" data-e-type=\"widget\" data-widget_type=\"text-editor.default\">\n\t\t\t\t<div class=\"elementor-widget-container\">\n\t\t\t\t\t\t\t\t\t<p>Potential winners will be contacted by email within 5 days following the end of the contest. Potential winners must respond within 5 days of receiving the notification to claim their prize. If a potential winner does not claim their prize within the specified time, another winner will be selected.<\/p>\t\t\t\t\t\t\t\t<\/div>\n\t\t\t\t<\/div>\n\t\t\t\t<div class=\"elementor-element elementor-element-e55b39c elementor-widget elementor-widget-heading\" data-id=\"e55b39c\" data-element_type=\"widget\" data-e-type=\"widget\" data-widget_type=\"heading.default\">\n\t\t\t\t<div class=\"elementor-widget-container\">\n\t\t\t\t\t<h3 class=\"elementor-heading-title elementor-size-default\">General<\/h3>\t\t\t\t<\/div>\n\t\t\t\t<\/div>\n\t\t\t\t<div class=\"elementor-element elementor-element-506e01b elementor-widget elementor-widget-text-editor\" data-id=\"506e01b\" data-element_type=\"widget\" data-e-type=\"widget\" data-widget_type=\"text-editor.default\">\n\t\t\t\t<div class=\"elementor-widget-container\">\n\t\t\t\t\t\t\t\t\t<p>By participating in this contest, participants agree to comply with all of the rules set forth above. The contest organizer reserves the right to disqualify any entry that violates these rules or is deemed fraudulent or abusive. The contest organizer also reserves the right to modify or cancel the contest due to unforeseen circumstances.<\/p>\t\t\t\t\t\t\t\t<\/div>\n\t\t\t\t<\/div>\n\t\t\t\t<div class=\"elementor-element elementor-element-0c0e501 elementor-widget elementor-widget-heading\" data-id=\"0c0e501\" data-element_type=\"widget\" data-e-type=\"widget\" data-widget_type=\"heading.default\">\n\t\t\t\t<div class=\"elementor-widget-container\">\n\t\t\t\t\t<h3 class=\"elementor-heading-title elementor-size-default\">Data Privacy<\/h3>\t\t\t\t<\/div>\n\t\t\t\t<\/div>\n\t\t\t\t<div class=\"elementor-element elementor-element-62b0985 elementor-widget elementor-widget-text-editor\" data-id=\"62b0985\" data-element_type=\"widget\" data-e-type=\"widget\" data-widget_type=\"text-editor.default\">\n\t\t\t\t<div class=\"elementor-widget-container\">\n\t\t\t\t\t\t\t\t\t<p>Personal information provided by participants in this contest will be used solely for the purpose of administering the contest, unless the participant has consented to receive promotional communications from BabiesBoss or its partners.<\/p>\t\t\t\t\t\t\t\t<\/div>\n\t\t\t\t<\/div>\n\t\t\t\t<div class=\"elementor-element elementor-element-6ab549b elementor-widget elementor-widget-heading\" data-id=\"6ab549b\" data-element_type=\"widget\" data-e-type=\"widget\" data-widget_type=\"heading.default\">\n\t\t\t\t<div class=\"elementor-widget-container\">\n\t\t\t\t\t<h3 class=\"elementor-heading-title elementor-size-default\">Governing Law<\/h3>\t\t\t\t<\/div>\n\t\t\t\t<\/div>\n\t\t\t\t<div class=\"elementor-element elementor-element-0471342 elementor-widget elementor-widget-text-editor\" data-id=\"0471342\" data-element_type=\"widget\" data-e-type=\"widget\" data-widget_type=\"text-editor.default\">\n\t\t\t\t<div class=\"elementor-widget-container\">\n\t\t\t\t\t\t\t\t\t<p>This contest is governed by the laws of the province of Quebec, Canada. Any disputes arising from this contest will be subject to the exclusive jurisdiction of the courts of the province of Quebec.\u00a0<span style=\"font-style: normal; color: #4d5156; font-family: arial, sans-serif; font-size: 14px; font-variant-ligatures: normal; font-variant-caps: normal; background-color: #ffffff;\">Qu\u00e9bec<\/span>, au Canada. Tout litige d\u00e9coulant de ce concours sera soumis \u00e0 la comp\u00e9tence exclusive des tribunaux<\/p>\t\t\t\t\t\t\t\t<\/div>\n\t\t\t\t<\/div>\n\t\t\t\t<div class=\"vamtam-has-theme-widget-styles elementor-element elementor-element-bf9d6b1 elementor-widget elementor-widget-image\" data-id=\"bf9d6b1\" data-element_type=\"widget\" data-e-type=\"widget\" data-widget_type=\"image.default\">\n\t\t\t\t<div class=\"elementor-widget-container\">\n\t\t\t\t\t\t\t\t\t<div class=\"elementor-image\">\n\t\t\t\t\t\t\t\t\t\t\t\t\t\t\t\t\t\t\t\t\t<img decoding=\"async\" data-src=\"https:\/\/debebe.vamtam.com\/wp-content\/uploads\/2022\/06\/animal-underline.svg\" title=\"\" alt=\"\" src=\"data:image\/svg+xml;base64,PHN2ZyB3aWR0aD0iMSIgaGVpZ2h0PSIxIiB4bWxucz0iaHR0cDovL3d3dy53My5vcmcvMjAwMC9zdmciPjwvc3ZnPg==\" class=\"lazyload\" \/>\t\t\t\t\t\t\t\t\t\t\t\t\t\t\t\t\t\t\t\t\t\t\t\t<\/div>\n\t\t\t\t\t\t\t\t<\/div>\n\t\t\t\t<\/div>\n\t\t\t\t\t<\/div>\n\t\t<\/div>\n\t\t\t\t\t<\/div>\n\t\t<\/section>\n\t\t\t\t<\/div>","protected":false},"excerpt":{"rendered":"<p>Organisateur du concours Le concours &#8220;Babies Boss&#8221; (ci-apr\u00e8s d\u00e9nomm\u00e9 le &#8220;concours&#8221;) est organis\u00e9 par Babies Boss (ci-apr\u00e8s d\u00e9nomm\u00e9 l&#8217;&#8221;organisateur du concours&#8221;). \u00c9ligibilit\u00e9 Le concours est ouvert \u00e0 tout parent ou futur parent (toute personne qui attend un enfant) au Canada et ayant atteint l&#8217;\u00e2ge de la majorit\u00e9 dans leur province de r\u00e9sidence au moment de&#8230;<\/p>","protected":false},"author":2,"featured_media":0,"parent":0,"menu_order":0,"comment_status":"closed","ping_status":"closed","template":"","meta":{"nf_dc_page":"","footnotes":""},"class_list":["post-1672","page","type-page","status-publish","hentry"],"yoast_head":"<!-- This site is optimized with the Yoast SEO plugin v27.4 - https:\/\/yoast.com\/product\/yoast-seo-wordpress\/ -->\n<title>R\u00e8glement du concours - Babies Boss<\/title>\n<meta name=\"robots\" content=\"index, follow, max-snippet:-1, max-image-preview:large, max-video-preview:-1\" \/>\n<link rel=\"canonical\" href=\"https:\/\/babiesboss.com\/en\/reglements\/\" \/>\n<meta property=\"og:locale\" content=\"en_US\" \/>\n<meta property=\"og:type\" content=\"article\" \/>\n<meta property=\"og:title\" content=\"R\u00e8glement du concours - Babies Boss\" \/>\n<meta property=\"og:description\" content=\"Organisateur du concours Le concours &#8220;Babies Boss&#8221; (ci-apr\u00e8s d\u00e9nomm\u00e9 le &#8220;concours&#8221;) est organis\u00e9 par Babies Boss (ci-apr\u00e8s d\u00e9nomm\u00e9 l&#039;&#8221;organisateur du concours&#8221;). \u00c9ligibilit\u00e9 Le concours est ouvert \u00e0 tout parent ou futur parent (toute personne qui attend un enfant) au Canada et ayant atteint l&#8217;\u00e2ge de la majorit\u00e9 dans leur province de r\u00e9sidence au moment de...\" \/>\n<meta property=\"og:url\" content=\"https:\/\/babiesboss.com\/en\/reglements\/\" \/>\n<meta property=\"og:site_name\" content=\"Babies Boss\" \/>\n<meta property=\"article:modified_time\" content=\"2023-06-28T21:51:33+00:00\" \/>\n<meta property=\"og:image\" content=\"https:\/\/babiesboss.com\/wp-content\/uploads\/2022\/06\/animal-underline.svg\" \/>\n<meta name=\"twitter:card\" content=\"summary_large_image\" \/>\n<meta name=\"twitter:label1\" content=\"Est. reading time\" \/>\n\t<meta name=\"twitter:data1\" content=\"3 minutes\" \/>\n<script type=\"application\/ld+json\" class=\"yoast-schema-graph\">{\"@context\":\"https:\\\/\\\/schema.org\",\"@graph\":[{\"@type\":\"WebPage\",\"@id\":\"https:\\\/\\\/babiesboss.com\\\/reglements\\\/\",\"url\":\"https:\\\/\\\/babiesboss.com\\\/reglements\\\/\",\"name\":\"R\u00e8glement du concours - Babies Boss\",\"isPartOf\":{\"@id\":\"https:\\\/\\\/babiesboss.com\\\/#website\"},\"primaryImageOfPage\":{\"@id\":\"https:\\\/\\\/babiesboss.com\\\/reglements\\\/#primaryimage\"},\"image\":{\"@id\":\"https:\\\/\\\/babiesboss.com\\\/reglements\\\/#primaryimage\"},\"thumbnailUrl\":\"https:\\\/\\\/babiesboss.com\\\/wp-content\\\/uploads\\\/2022\\\/06\\\/animal-underline.svg\",\"datePublished\":\"2022-04-04T05:34:21+00:00\",\"dateModified\":\"2023-06-28T21:51:33+00:00\",\"breadcrumb\":{\"@id\":\"https:\\\/\\\/babiesboss.com\\\/reglements\\\/#breadcrumb\"},\"inLanguage\":\"en-CA\",\"potentialAction\":[{\"@type\":\"ReadAction\",\"target\":[\"https:\\\/\\\/babiesboss.com\\\/reglements\\\/\"]}]},{\"@type\":\"ImageObject\",\"inLanguage\":\"en-CA\",\"@id\":\"https:\\\/\\\/babiesboss.com\\\/reglements\\\/#primaryimage\",\"url\":\"https:\\\/\\\/babiesboss.com\\\/wp-content\\\/uploads\\\/2022\\\/06\\\/animal-underline.svg\",\"contentUrl\":\"https:\\\/\\\/babiesboss.com\\\/wp-content\\\/uploads\\\/2022\\\/06\\\/animal-underline.svg\"},{\"@type\":\"BreadcrumbList\",\"@id\":\"https:\\\/\\\/babiesboss.com\\\/reglements\\\/#breadcrumb\",\"itemListElement\":[{\"@type\":\"ListItem\",\"position\":1,\"name\":\"Home\",\"item\":\"https:\\\/\\\/babiesboss.com\\\/\"},{\"@type\":\"ListItem\",\"position\":2,\"name\":\"R\u00e8glement du concours\"}]},{\"@type\":\"WebSite\",\"@id\":\"https:\\\/\\\/babiesboss.com\\\/#website\",\"url\":\"https:\\\/\\\/babiesboss.com\\\/\",\"name\":\"Babies Boss\",\"description\":\"Le concours\",\"publisher\":{\"@id\":\"https:\\\/\\\/babiesboss.com\\\/#organization\"},\"potentialAction\":[{\"@type\":\"SearchAction\",\"target\":{\"@type\":\"EntryPoint\",\"urlTemplate\":\"https:\\\/\\\/babiesboss.com\\\/?s={search_term_string}\"},\"query-input\":{\"@type\":\"PropertyValueSpecification\",\"valueRequired\":true,\"valueName\":\"search_term_string\"}}],\"inLanguage\":\"en-CA\"},{\"@type\":\"Organization\",\"@id\":\"https:\\\/\\\/babiesboss.com\\\/#organization\",\"name\":\"Babies Boss\",\"url\":\"https:\\\/\\\/babiesboss.com\\\/\",\"logo\":{\"@type\":\"ImageObject\",\"inLanguage\":\"en-CA\",\"@id\":\"https:\\\/\\\/babiesboss.com\\\/#\\\/schema\\\/logo\\\/image\\\/\",\"url\":\"https:\\\/\\\/babiesboss.com\\\/wp-content\\\/uploads\\\/2022\\\/03\\\/Design-sans-titre-2.png\",\"contentUrl\":\"https:\\\/\\\/babiesboss.com\\\/wp-content\\\/uploads\\\/2022\\\/03\\\/Design-sans-titre-2.png\",\"width\":1094,\"height\":312,\"caption\":\"Babies Boss\"},\"image\":{\"@id\":\"https:\\\/\\\/babiesboss.com\\\/#\\\/schema\\\/logo\\\/image\\\/\"}}]}<\/script>\n<!-- \/ Yoast SEO plugin. -->","yoast_head_json":{"title":"R\u00e8glement du concours - Babies Boss","robots":{"index":"index","follow":"follow","max-snippet":"max-snippet:-1","max-image-preview":"max-image-preview:large","max-video-preview":"max-video-preview:-1"},"canonical":"https:\/\/babiesboss.com\/en\/reglements\/","og_locale":"en_US","og_type":"article","og_title":"R\u00e8glement du concours - Babies Boss","og_description":"Organisateur du concours Le concours &#8220;Babies Boss&#8221; (ci-apr\u00e8s d\u00e9nomm\u00e9 le &#8220;concours&#8221;) est organis\u00e9 par Babies Boss (ci-apr\u00e8s d\u00e9nomm\u00e9 l'&#8221;organisateur du concours&#8221;). \u00c9ligibilit\u00e9 Le concours est ouvert \u00e0 tout parent ou futur parent (toute personne qui attend un enfant) au Canada et ayant atteint l&#8217;\u00e2ge de la majorit\u00e9 dans leur province de r\u00e9sidence au moment de...","og_url":"https:\/\/babiesboss.com\/en\/reglements\/","og_site_name":"Babies Boss","article_modified_time":"2023-06-28T21:51:33+00:00","og_image":[{"url":"https:\/\/babiesboss.com\/wp-content\/uploads\/2022\/06\/animal-underline.svg","type":"","width":"","height":""}],"twitter_card":"summary_large_image","twitter_misc":{"Est. reading time":"3 minutes"},"schema":{"@context":"https:\/\/schema.org","@graph":[{"@type":"WebPage","@id":"https:\/\/babiesboss.com\/reglements\/","url":"https:\/\/babiesboss.com\/reglements\/","name":"R\u00e8glement du concours - Babies Boss","isPartOf":{"@id":"https:\/\/babiesboss.com\/#website"},"primaryImageOfPage":{"@id":"https:\/\/babiesboss.com\/reglements\/#primaryimage"},"image":{"@id":"https:\/\/babiesboss.com\/reglements\/#primaryimage"},"thumbnailUrl":"https:\/\/babiesboss.com\/wp-content\/uploads\/2022\/06\/animal-underline.svg","datePublished":"2022-04-04T05:34:21+00:00","dateModified":"2023-06-28T21:51:33+00:00","breadcrumb":{"@id":"https:\/\/babiesboss.com\/reglements\/#breadcrumb"},"inLanguage":"en-CA","potentialAction":[{"@type":"ReadAction","target":["https:\/\/babiesboss.com\/reglements\/"]}]},{"@type":"ImageObject","inLanguage":"en-CA","@id":"https:\/\/babiesboss.com\/reglements\/#primaryimage","url":"https:\/\/babiesboss.com\/wp-content\/uploads\/2022\/06\/animal-underline.svg","contentUrl":"https:\/\/babiesboss.com\/wp-content\/uploads\/2022\/06\/animal-underline.svg"},{"@type":"BreadcrumbList","@id":"https:\/\/babiesboss.com\/reglements\/#breadcrumb","itemListElement":[{"@type":"ListItem","position":1,"name":"Home","item":"https:\/\/babiesboss.com\/"},{"@type":"ListItem","position":2,"name":"R\u00e8glement du concours"}]},{"@type":"WebSite","@id":"https:\/\/babiesboss.com\/#website","url":"https:\/\/babiesboss.com\/","name":"Babies Boss","description":"Le concours","publisher":{"@id":"https:\/\/babiesboss.com\/#organization"},"potentialAction":[{"@type":"SearchAction","target":{"@type":"EntryPoint","urlTemplate":"https:\/\/babiesboss.com\/?s={search_term_string}"},"query-input":{"@type":"PropertyValueSpecification","valueRequired":true,"valueName":"search_term_string"}}],"inLanguage":"en-CA"},{"@type":"Organization","@id":"https:\/\/babiesboss.com\/#organization","name":"Babies Boss","url":"https:\/\/babiesboss.com\/","logo":{"@type":"ImageObject","inLanguage":"en-CA","@id":"https:\/\/babiesboss.com\/#\/schema\/logo\/image\/","url":"https:\/\/babiesboss.com\/wp-content\/uploads\/2022\/03\/Design-sans-titre-2.png","contentUrl":"https:\/\/babiesboss.com\/wp-content\/uploads\/2022\/03\/Design-sans-titre-2.png","width":1094,"height":312,"caption":"Babies Boss"},"image":{"@id":"https:\/\/babiesboss.com\/#\/schema\/logo\/image\/"}}]}},"_links":{"self":[{"href":"https:\/\/babiesboss.com\/en\/wp-json\/wp\/v2\/pages\/1672","targetHints":{"allow":["GET"]}}],"collection":[{"href":"https:\/\/babiesboss.com\/en\/wp-json\/wp\/v2\/pages"}],"about":[{"href":"https:\/\/babiesboss.com\/en\/wp-json\/wp\/v2\/types\/page"}],"author":[{"embeddable":true,"href":"https:\/\/babiesboss.com\/en\/wp-json\/wp\/v2\/users\/2"}],"replies":[{"embeddable":true,"href":"https:\/\/babiesboss.com\/en\/wp-json\/wp\/v2\/comments?post=1672"}],"version-history":[{"count":5,"href":"https:\/\/babiesboss.com\/en\/wp-json\/wp\/v2\/pages\/1672\/revisions"}],"predecessor-version":[{"id":989156,"href":"https:\/\/babiesboss.com\/en\/wp-json\/wp\/v2\/pages\/1672\/revisions\/989156"}],"wp:attachment":[{"href":"https:\/\/babiesboss.com\/en\/wp-json\/wp\/v2\/media?parent=1672"}],"curies":[{"name":"wp","href":"https:\/\/api.w.org\/{rel}","templated":true}]}}